{"id":204,"date":"2019-07-03T05:46:37","date_gmt":"2019-07-03T03:46:37","guid":{"rendered":"https:\/\/www.colbertmd.sk\/cart\/"},"modified":"2019-07-03T05:46:37","modified_gmt":"2019-07-03T03:46:37","slug":"cart","status":"publish","type":"page","link":"https:\/\/www.knownskincare.com\/cs\/cart\/","title":{"rendered":"Cart"},"content":{"rendered":"<div class=\"woocommerce\">\n<div class=\"nm-cart-empty\">\n    \n        \n    <p class=\"icon\"><i class=\"nm-font nm-font-close2\"><\/i><\/p>\n    \n    <div class=\"woocommerce-notices-wrapper\"><\/div><p class=\"cart-empty woocommerce-info\">V\u00e1\u0161 ko\u0161\u00edk je pr\u00e1zdn\u00fd.<\/p>\n            <p class=\"return-to-shop\">\n            <a class=\"button wc-backward\" href=\"https:\/\/www.knownskincare.com\/cs\/obchod\/\">\n                Zp\u011bt do obchodu            <\/a>\n        <\/p>\n    \n<\/div>\n    <\/div>\n","protected":false},"excerpt":{"rendered":"V\u00e1\u0161 ko\u0161\u00edk je pr\u00e1zdn\u00fd. Zp\u011bt do obchodu","protected":false},"author":1,"featured_media":0,"parent":0,"menu_order":0,"comment_status":"closed","ping_status":"closed","template":"","meta":{"_acf_changed":false,"footnotes":""},"class_list":["post-204","page","type-page","status-publish","hentry"],"acf":[],"_links":{"self":[{"href":"https:\/\/www.knownskincare.com\/cs\/wp-json\/wp\/v2\/pages\/204","targetHints":{"allow":["GET"]}}],"collection":[{"href":"https:\/\/www.knownskincare.com\/cs\/wp-json\/wp\/v2\/pages"}],"about":[{"href":"https:\/\/www.knownskincare.com\/cs\/wp-json\/wp\/v2\/types\/page"}],"author":[{"embeddable":true,"href":"https:\/\/www.knownskincare.com\/cs\/wp-json\/wp\/v2\/users\/1"}],"replies":[{"embeddable":true,"href":"https:\/\/www.knownskincare.com\/cs\/wp-json\/wp\/v2\/comments?post=204"}],"version-history":[{"count":0,"href":"https:\/\/www.knownskincare.com\/cs\/wp-json\/wp\/v2\/pages\/204\/revisions"}],"wp:attachment":[{"href":"https:\/\/www.knownskincare.com\/cs\/wp-json\/wp\/v2\/media?parent=204"}],"curies":[{"name":"wp","href":"https:\/\/api.w.org\/{rel}","templated":true}]}}