{"id":12461,"date":"2020-09-23T12:38:25","date_gmt":"2020-09-23T11:27:20","guid":{"rendered":"https:\/\/www.colbertmd.sk\/?post_type=product&#038;p=12461"},"modified":"2023-11-18T21:24:09","modified_gmt":"2023-11-18T20:24:09","slug":"happy-intim-lightening-cream","status":"publish","type":"product","link":"https:\/\/www.knownskincare.com\/cs\/produkt\/happy-intim-lightening-cream\/","title":{"rendered":"HAPPY intim\u00ae Lightening Cream"},"content":{"rendered":"<div class=\"text-wrap tlid-copy-target\">\n<div class=\"result-shield-container tlid-copy-target\" tabindex=\"0\"><span class=\"tlid-translation translation\" lang=\"cs\"><strong><span class=\"\" title=\"\">Jak<\/span> <span title=\"\">to funguje<\/span><span title=\"\">:<\/span><\/strong><\/p>\n<p><span class=\"\" title=\"\">HAPPY<\/span> <span title=\"\">Intim\u00ae<\/span> <span title=\"\">Lightening<\/span> <span title=\"\">Cream<\/span> <span title=\"\">je<\/span> <span title=\"\">dermatologicky<\/span> <span title=\"\">testov\u00e1n<\/span> <span title=\"\">kr\u00e9m<\/span><span class=\"\" title=\"\">, vytvo\u0159en\u00fd<\/span> <span class=\"\" title=\"\">kombinac\u00ed<\/span> <span title=\"\">aktivn\u00edch slo\u017eek<\/span> <span title=\"\">zam\u011b\u0159en\u00fd<\/span> <span title=\"\">na<\/span> <span title=\"\">sjednocen\u00ed<\/span> <span title=\"\">t\u00f3nu<\/span> <span title=\"\">pleti<\/span> <span title=\"\">i<\/span> <span title=\"\">sn\u00ed\u017een\u00ed<\/span> <span class=\"\" title=\"\">oxidace<\/span> <span title=\"\">a aktivity<\/span> <span title=\"\">voln\u00fdch radik\u00e1l\u016f<\/span><\/p>\n<p><span title=\"\">Lightening<\/span> <span title=\"\">Cream<\/span> <span title=\"\">m\u00e1<\/span> <span class=\"\" title=\"\">dvoj\u00ed \u00fa\u010dinek<\/span><span title=\"\">:<\/span> <span title=\"\">rozjas\u0148uje<\/span> <span title=\"\">a<\/span> <span title=\"\">zjem\u0148uje<\/span> <span title=\"\">poko\u017eku<\/span> <span title=\"\">v<\/span> <span title=\"\">intimn\u00edch<\/span> <span title=\"\">parti\u00edch<\/span><span title=\"\">.<\/span><\/p>\n<p><strong><span title=\"\">Pou\u017eit\u00ed<\/span><span title=\"\">:<\/span><\/strong><\/p>\n<p><span title=\"\">Naneste<\/span> <span title=\"\">na<\/span> <span title=\"\">vy\u010di\u0161t\u011bnou<\/span> <span title=\"\">o\u0161et\u0159ovanou<\/span> <span title=\"\">plochu<\/span> <span title=\"\">v<\/span> <span title=\"\">intimn\u00edch<\/span> <span title=\"\">parti\u00edch<\/span><span title=\"\">.<\/span><\/p>\n<p><strong><span title=\"\">Hlavn\u00ed slo\u017eky<\/span><span title=\"\">:<\/span><\/strong><\/p>\n<p><span title=\"\">Kojice<\/span> <span title=\"\">dipalmit\u00e1t<\/span><span title=\"\">,<\/span> <span title=\"\">Arbutin<\/span><span title=\"\">,<\/span> <span title=\"\">Aspergillus<\/span> <span title=\"\">ferment<\/span><span title=\"\">,<\/span> <span title=\"\">Kyselina<\/span> <span title=\"\">aminoetylfosf\u00ednov\u00e1<\/span><span title=\"\">,<\/span> <span title=\"\">Extrakt<\/span> <span title=\"\">z<\/span> <span title=\"\">list\u016f<\/span> <span title=\"\">Alba<\/span> <span title=\"\">Morus<\/span><\/span><\/div>\n<\/div>\n<div class=\"tlid-result-transliteration-container result-transliteration-container transliteration-container\">\n<div class=\"tlid-transliteration-content transliteration-content full\"><\/div>\n<\/div>\n","protected":false},"excerpt":{"rendered":"<p><span class=\"tlid-translation translation\" lang=\"cs\"><strong><span class=\"\" title=\"\">HAPPY<\/span> <span class=\"\" title=\"\">intim\u00ae<\/span> <span title=\"\">Lightening<\/span> <span title=\"\">Cream<\/span><\/strong> <span title=\"\">&#8211;<\/span> <span title=\"\">rozjas\u0148uj\u00edc\u00ed<\/span> <span title=\"\">kr\u00e9m<\/span> <span title=\"\">na<\/span> <span class=\"\" title=\"\">intimn\u00ed partie<\/span><\/span><\/p>\n<p><span title=\"\">Objem:<\/span> <span title=\"\">50<\/span> <span title=\"\">ml<\/span><\/p>\n","protected":false},"featured_media":0,"template":"","meta":{"_acf_changed":false},"product_cat":[47],"product_tag":[],"class_list":{"0":"post-12461","1":"product","2":"type-product","3":"status-publish","5":"product_cat-happy-intim-cs","7":"first","8":"outofstock","9":"taxable","10":"shipping-taxable","11":"purchasable","12":"product-type-simple"},"acf":[],"_links":{"self":[{"href":"https:\/\/www.knownskincare.com\/cs\/wp-json\/wp\/v2\/product\/12461","targetHints":{"allow":["GET"]}}],"collection":[{"href":"https:\/\/www.knownskincare.com\/cs\/wp-json\/wp\/v2\/product"}],"about":[{"href":"https:\/\/www.knownskincare.com\/cs\/wp-json\/wp\/v2\/types\/product"}],"wp:attachment":[{"href":"https:\/\/www.knownskincare.com\/cs\/wp-json\/wp\/v2\/media?parent=12461"}],"wp:term":[{"taxonomy":"product_cat","embeddable":true,"href":"https:\/\/www.knownskincare.com\/cs\/wp-json\/wp\/v2\/product_cat?post=12461"},{"taxonomy":"product_tag","embeddable":true,"href":"https:\/\/www.knownskincare.com\/cs\/wp-json\/wp\/v2\/product_tag?post=12461"}],"curies":[{"name":"wp","href":"https:\/\/api.w.org\/{rel}","templated":true}]}}