{"id":12467,"date":"2020-09-23T12:38:08","date_gmt":"2020-09-23T11:30:18","guid":{"rendered":"https:\/\/www.colbertmd.sk\/?post_type=product&#038;p=12467"},"modified":"2023-04-24T08:15:27","modified_gmt":"2023-04-24T06:15:27","slug":"happy-intim-rebirth-cream","status":"publish","type":"product","link":"https:\/\/www.knownskincare.com\/cs\/produkt\/happy-intim-rebirth-cream\/","title":{"rendered":"HAPPY intim\u00ae Rebirth Cream"},"content":{"rendered":"<p><strong><span class=\"tlid-translation translation\" lang=\"cs\"><span title=\"\">Jak<\/span> <span title=\"\">to funguje<\/span><span title=\"\">:<\/span><\/span><\/strong><\/p>\n<p><span title=\"\">Kr\u00e9m<\/span> <span title=\"\">Happy<\/span> <span title=\"\">Intim\u00ae<\/span> <span title=\"\">Rebirth<\/span> <span title=\"\">p\u0159in\u00e1\u0161\u00ed<\/span> <span title=\"\">okam\u017eit\u00fd<\/span> <span title=\"\">vyhlazuj\u00edc\u00ed<\/span> <span title=\"\">\u00fa\u010dinek d\u00edky<\/span> <span title=\"\">kyselin\u011b<\/span> <span title=\"\">hyaluronov\u00e9<\/span> <span title=\"\">spojen\u00e9<\/span> <span title=\"\">s 24<\/span> <span title=\"\">hodinov\u00fdm<\/span> <span title=\"\">hydrata\u010dn\u00edm<\/span> <span title=\"\">komplexem<\/span><span title=\"\">.<\/span> <span title=\"\">Omlazuje<\/span> <span title=\"\">vzhled<\/span> <span title=\"\">poko\u017eky<\/span> <span title=\"\">a<\/span> <span title=\"\">pom\u00e1h\u00e1 p\u0159edch\u00e1zet<\/span> <span title=\"\">st\u00e1rnut\u00ed<\/span> <span title=\"\">d\u00edky<\/span> <span title=\"\">schopnosti<\/span> <span title=\"\">regenerace.<\/span><\/p>\n<p><span title=\"\">V\u00fdrazn\u011b<\/span> <span title=\"\">omlazuje<\/span> <span title=\"\">vzhled<\/span> <span title=\"\">poko\u017eky<\/span> <span title=\"\">anogenit\u00e1ln\u00ed<\/span> <span title=\"\">oblast\u00ed<\/span><\/p>\n<p><strong><span title=\"\">Pou\u017eit\u00ed<\/span><span title=\"\">:<\/span><\/strong><\/p>\n<p><span title=\"\">Jemn\u011b<\/span> <span title=\"\">vmas\u00edrujte<\/span> <span title=\"\">Happy<\/span> <span title=\"\">Intim\u00ae<\/span> <span title=\"\">Rebirth<\/span> <span title=\"\">Cream<\/span> <span title=\"\">do \u010dist\u00e9<\/span> <span title=\"\">a<\/span> <span title=\"\">such\u00e9<\/span> <span title=\"\">poko\u017eky.<\/span><\/p>\n<p><strong><span title=\"\">Hlavn\u00ed slo\u017eky<\/span><span title=\"\">:<\/span><\/strong><\/p>\n<p><span title=\"\">Vitam\u00edn<\/span> <span title=\"\">E<\/span><span title=\"\">,<\/span> <span title=\"\">vitamin<\/span> <span title=\"\">C<\/span><span title=\"\">,<\/span> <span title=\"\">bifida<\/span> <span title=\"\">kvasn\u00fd<\/span> <span title=\"\">lyz\u00e1t<\/span><span title=\"\">,<\/span> <span title=\"\">Kyselina<\/span> <span title=\"\">hyaluronov\u00e1<\/span><span title=\"\">,<\/span> <span title=\"\">Arganov\u00fd<\/span> <span title=\"\">olej<\/span><\/p>\n","protected":false},"excerpt":{"rendered":"<p><span class=\"tlid-translation translation\" lang=\"cs\"><strong><span title=\"\">HAPPY<\/span> <span title=\"\">intim\u00ae<\/span> <span title=\"\">Rebirth<\/span> <span title=\"\">Cream<\/span><\/strong><\/span><\/p>\n<p><span class=\"tlid-translation translation\" lang=\"cs\"><span title=\"\">zpev\u0148uj\u00edc\u00ed, anti-aging<\/span>\u00a0<span title=\"\">kr\u00e9m<\/span> <span title=\"\">na<\/span> <span title=\"\">intimn\u00ed partie<\/span><\/span><\/p>\n<p><span title=\"\">Objem:<\/span> <span title=\"\">50<\/span> <span title=\"\">ml<\/span><\/p>\n","protected":false},"featured_media":0,"template":"","meta":{"_acf_changed":false},"product_cat":[47],"product_tag":[],"class_list":{"0":"post-12467","1":"product","2":"type-product","3":"status-publish","5":"product_cat-happy-intim-cs","7":"first","8":"outofstock","9":"taxable","10":"shipping-taxable","11":"purchasable","12":"product-type-simple"},"acf":[],"_links":{"self":[{"href":"https:\/\/www.knownskincare.com\/cs\/wp-json\/wp\/v2\/product\/12467","targetHints":{"allow":["GET"]}}],"collection":[{"href":"https:\/\/www.knownskincare.com\/cs\/wp-json\/wp\/v2\/product"}],"about":[{"href":"https:\/\/www.knownskincare.com\/cs\/wp-json\/wp\/v2\/types\/product"}],"wp:attachment":[{"href":"https:\/\/www.knownskincare.com\/cs\/wp-json\/wp\/v2\/media?parent=12467"}],"wp:term":[{"taxonomy":"product_cat","embeddable":true,"href":"https:\/\/www.knownskincare.com\/cs\/wp-json\/wp\/v2\/product_cat?post=12467"},{"taxonomy":"product_tag","embeddable":true,"href":"https:\/\/www.knownskincare.com\/cs\/wp-json\/wp\/v2\/product_tag?post=12467"}],"curies":[{"name":"wp","href":"https:\/\/api.w.org\/{rel}","templated":true}]}}