{"id":12471,"date":"2020-09-23T12:37:49","date_gmt":"2020-09-23T11:30:23","guid":{"rendered":"https:\/\/www.colbertmd.sk\/?post_type=product&#038;p=12471"},"modified":"2023-04-16T20:20:06","modified_gmt":"2023-04-16T18:20:06","slug":"happy-intim-body-peel","status":"publish","type":"product","link":"https:\/\/www.knownskincare.com\/cs\/produkt\/happy-intim-body-peel\/","title":{"rendered":"HAPPY intim\u00ae Body Peel"},"content":{"rendered":"<p><span class=\"tlid-translation translation\" lang=\"cs\"><strong><span title=\"\">Jak<\/span> <span title=\"\">to funguje<\/span><span title=\"\">:<\/span><\/strong><\/span><\/p>\n<p><span class=\"tlid-translation translation\" lang=\"cs\"><span title=\"\">Happy<\/span> <span title=\"\">Intim\u00ae<\/span> <span title=\"\">Body<\/span> <span title=\"\">Peel<\/span> <span title=\"\">je<\/span> <span title=\"\">neabrazivn\u00ed<\/span> <span title=\"\">exfolia\u010dn\u00ed<\/span> <span title=\"\">\u010dist\u00edc\u00ed p\u011bna<\/span> <span title=\"\">vyvinuta tak,<\/span> <span title=\"\">aby<\/span> <span title=\"\">jemn\u011b<\/span> <span title=\"\">odstranila<\/span> <span title=\"\">ne\u010distoty<\/span> <span title=\"\">z<\/span> <span title=\"\">poko\u017eky<\/span> <span title=\"\">a<\/span> <span title=\"\">zlep\u0161ila<\/span> <span title=\"\">jej\u00ed<\/span> <span title=\"\">texturu<\/span><span title=\"\">.<\/span> <span title=\"\">Stimuluje<\/span> <span title=\"\">obnovu<\/span> <span title=\"\">ple\u0165ov\u00fdch<\/span> <span title=\"\">bun\u011bk.<\/span><\/span><\/p>\n<p><span class=\"tlid-translation translation\" lang=\"cs\"><strong><span title=\"\">Pou\u017eit\u00ed<\/span><span title=\"\">:<\/span><\/strong><\/span><\/p>\n<p><span class=\"tlid-translation translation\" lang=\"cs\"><span title=\"\">Jemn\u011b <span class=\"\" title=\"\">naneste na<\/span> poko\u017eku a krou\u017eiv\u00fdm pohybem ji <span class=\"\" title=\"\">\u010dist\u011bte<\/span><span class=\"\" title=\"\">.<\/span><\/span><\/span><\/p>\n<p><span class=\"tlid-translation translation\" lang=\"cs\"><strong><span title=\"\">Hlavn\u00ed slo\u017eky<\/span><span title=\"\">:<\/span><\/strong><\/span><\/p>\n<p><span class=\"tlid-translation translation\" lang=\"cs\"><span title=\"\">Kyselina ml\u00e9\u010dn\u00e1,<\/span> <span title=\"\">kyselina<\/span> <span class=\"\" title=\"\">fytov\u00e1<\/span><span title=\"\">,<\/span> <span title=\"\">kyselina<\/span> <span title=\"\">glykolov\u00e1<\/span><span title=\"\">,<\/span> <span title=\"\">kyselina<\/span> <span title=\"\">mandlov\u00e1<\/span><span title=\"\">,<\/span> <span title=\"\">Vitamin<\/span> <span title=\"\">A<\/span><span title=\"\">,<\/span> <span title=\"\">V\u00fdta\u017eek<\/span> <span title=\"\">z<\/span> <span title=\"\">Vitis<\/span> <span class=\"\" title=\"\">vinifera<\/span><\/span><\/p>\n","protected":false},"excerpt":{"rendered":"<p><span class=\"tlid-translation translation\" lang=\"cs\" tabindex=\"-1\"><strong><span title=\"\">HAPPY<\/span> <span title=\"\">intim\u00ae<\/span> <span title=\"\">Body<\/span> <span title=\"\">Peel<\/span><\/strong> <span title=\"\">&#8211; t\u011blov\u00e1<\/span> <span title=\"\">\u010dist\u00edc\u00ed p\u011bna<\/span> <span title=\"\">ur\u010dena<\/span> <span title=\"\">i<\/span> <span title=\"\">pro<\/span> <span title=\"\">intimn\u00ed partie<\/span><span title=\"\">.<\/span><\/span><\/p>\n<p><span title=\"\">Objem:<\/span> <span title=\"\">150<\/span> <span title=\"\">ml<\/span><\/p>\n","protected":false},"featured_media":0,"template":"","meta":{"_acf_changed":false},"product_cat":[47],"product_tag":[],"class_list":{"0":"post-12471","1":"product","2":"type-product","3":"status-publish","5":"product_cat-happy-intim-cs","7":"first","8":"outofstock","9":"taxable","10":"shipping-taxable","11":"purchasable","12":"product-type-simple"},"acf":[],"_links":{"self":[{"href":"https:\/\/www.knownskincare.com\/cs\/wp-json\/wp\/v2\/product\/12471","targetHints":{"allow":["GET"]}}],"collection":[{"href":"https:\/\/www.knownskincare.com\/cs\/wp-json\/wp\/v2\/product"}],"about":[{"href":"https:\/\/www.knownskincare.com\/cs\/wp-json\/wp\/v2\/types\/product"}],"wp:attachment":[{"href":"https:\/\/www.knownskincare.com\/cs\/wp-json\/wp\/v2\/media?parent=12471"}],"wp:term":[{"taxonomy":"product_cat","embeddable":true,"href":"https:\/\/www.knownskincare.com\/cs\/wp-json\/wp\/v2\/product_cat?post=12471"},{"taxonomy":"product_tag","embeddable":true,"href":"https:\/\/www.knownskincare.com\/cs\/wp-json\/wp\/v2\/product_tag?post=12471"}],"curies":[{"name":"wp","href":"https:\/\/api.w.org\/{rel}","templated":true}]}}