{"id":12514,"date":"2020-09-23T12:36:24","date_gmt":"2020-09-23T11:31:26","guid":{"rendered":"https:\/\/www.colbertmd.sk\/?post_type=product&#038;p=12514"},"modified":"2021-12-03T09:00:26","modified_gmt":"2021-12-03T08:00:26","slug":"peel2glow-neosolex-mist","status":"publish","type":"product","link":"https:\/\/www.knownskincare.com\/cs\/produkt\/peel2glow-neosolex-mist\/","title":{"rendered":"Peel2glow: Neosolex Mist"},"content":{"rendered":"<div class=\"text-wrap tlid-copy-target\">\n<div class=\"result-shield-container tlid-copy-target\" tabindex=\"0\"><strong><span class=\"tlid-translation translation\" lang=\"cs\"><span title=\"\">Jak<\/span> <span title=\"\">to funguje:<\/span><\/span><\/strong><\/div>\n<div tabindex=\"0\"><\/div>\n<div class=\"result-shield-container tlid-copy-target\" tabindex=\"0\"><span class=\"tlid-translation translation\" lang=\"cs\"><span class=\"\" title=\"\">NEOSOLEX<\/span> <span class=\"\" title=\"\">MIST<\/span> <span title=\"\">je inovativn\u00ed<\/span> <span title=\"\">mist<\/span> <span title=\"\">s<\/span> <span title=\"\">jedine\u010dn\u00fdm<\/span> <span title=\"\">syst\u00e9mem<\/span><span title=\"\">, kter\u00fd umo\u017e\u0148uje<\/span> <span class=\"\" title=\"\">rovnom\u011brn\u00e9 rozlo\u017een\u00ed<\/span> <span title=\"\">aktivn\u00edch l\u00e1tek<\/span> <span title=\"\">a zvy\u0161uje<\/span> <span title=\"\">SPF<\/span> <span title=\"\">ochranu.<\/span> <span class=\"\" title=\"\">Poskytuje<\/span> <span title=\"\">ochranu proti<\/span> <span title=\"\">UVA<\/span> <span title=\"\">\/<\/span> <span title=\"\">UVB<\/span> <span title=\"\">a<\/span> <span title=\"\">v\u00fdsledkem<\/span> <span title=\"\">je<\/span> <span title=\"\">\u00fa\u010dinn\u00e1<\/span> <span title=\"\">a<\/span> <span title=\"\">dlouhotrvaj\u00edc\u00ed ochrana<\/span> <span title=\"\">poko\u017eky p\u0159ed<\/span> <span title=\"\">UV<\/span> <span title=\"\">z\u00e1\u0159en\u00edm<\/span> <span title=\"\">s<\/span> <span title=\"\">dal\u0161\u00edmi<\/span> <span title=\"\">antioxida\u010dn\u00edmi<\/span> <span title=\"\">a<\/span> <span title=\"\">protiz\u00e1n\u011btliv\u00fdmi \u00fa\u010dinky<\/span><span title=\"\">.<\/span><\/span><\/div>\n<div tabindex=\"0\"><\/div>\n<div class=\"result-shield-container tlid-copy-target\" tabindex=\"0\"><span class=\"tlid-translation translation\" lang=\"cs\"><span title=\"\">NEOSOLEX<\/span> <span title=\"\">MIST<\/span> <span title=\"\">se doporu\u010duje<\/span> <span title=\"\">pro v\u0161echny typy<\/span> <span title=\"\">pleti,<\/span> <span title=\"\">zejm\u00e9na<\/span> <span title=\"\">pro<\/span> <span title=\"\">sluncem<\/span> <span title=\"\">nam\u00e1hanou<\/span> <span title=\"\">poko\u017eku,<\/span> <span title=\"\">jako\u017e i<\/span> <span title=\"\">pro<\/span> <span title=\"\">ple\u0165<\/span><span title=\"\">, kter\u00e1 byla<\/span> <span title=\"\">vystavena<\/span> <span title=\"\">exfoliaci<\/span><span title=\"\">,<\/span> <span title=\"\">laseru<\/span> <span title=\"\">nebo jin\u00fdmi<\/span> <span title=\"\">estetick\u00fdmi<\/span> <span title=\"\">z\u00e1kroky<\/span><span title=\"\">.<\/span><\/span><\/div>\n<div tabindex=\"0\"><\/div>\n<div class=\"result-shield-container tlid-copy-target\" tabindex=\"0\"><span class=\"tlid-translation translation\" lang=\"cs\"><strong><span title=\"\">Pou\u017eit\u00ed<\/span><span title=\"\">:<\/span><\/strong><\/span><\/div>\n<ol>\n<li class=\"result-shield-container tlid-copy-target\" tabindex=\"0\"><span class=\"tlid-translation translation\" lang=\"cs\"><span title=\"\">1.Aplikujte<\/span> <span title=\"\">na obli\u010dej<\/span> <span title=\"\">pro rychl\u00e9<\/span> <span title=\"\">vst\u0159eb\u00e1n\u00ed<\/span><\/span><\/li>\n<li class=\"result-shield-container tlid-copy-target\" tabindex=\"0\"><span class=\"tlid-translation translation\" lang=\"cs\"><span title=\"\">Nast\u0159\u00edkejte<\/span> <span title=\"\">ze vzd\u00e1lenosti<\/span> <span title=\"\">15<\/span> <span title=\"\">cm<\/span><span title=\"\">.<\/span><\/span><\/li>\n<li><span class=\"tlid-translation translation\" lang=\"cs\"><span title=\"\">Aplikujte<\/span> <span title=\"\">ka\u017ed\u00e9 3<\/span> <span title=\"\">hodiny<\/span> <span title=\"\">(<\/span><span title=\"\">9:00<\/span><span title=\"\">,<\/span> <span title=\"\">12:00,<\/span> <span title=\"\">15:00<\/span><span title=\"\">)<\/span> <span title=\"\">a \/<\/span> <span title=\"\">nebo<\/span> <span title=\"\">30<\/span> <span title=\"\">minut p\u0159ed<\/span> <span title=\"\">vystaven\u00edm<\/span> <span title=\"\">slune\u010dn\u00edmu z\u00e1\u0159en\u00ed<\/span><span title=\"\">.<\/span><br \/>\n<\/span><\/li>\n<\/ol>\n<p><strong><span class=\"tlid-translation translation\" lang=\"cs\"><span title=\"\">Hlavn\u00ed slo\u017eky<\/span><span title=\"\">:<\/span><\/span><\/strong><\/p>\n<p><span class=\"tlid-translation translation\" lang=\"cs\"><span title=\"\">organick\u00e9<\/span> <span title=\"\">filtry<\/span><\/span><\/p>\n<\/div>\n","protected":false},"excerpt":{"rendered":"<p><span class=\"tlid-translation translation\" lang=\"cs\"><strong><span title=\"\">Peel2glow<\/span><span title=\"\">:<\/span> <span title=\"\">NEOSOLEX<\/span> <span title=\"\">MIST<\/span><\/strong> <span title=\"\">je<\/span> <span title=\"\">perfektn\u00ed volbou<\/span> <span title=\"\">pro ochranu<\/span> <span class=\"\" title=\"\">poko\u017eky<\/span> <span title=\"\">p\u0159ed voln\u00fdmi radik\u00e1ly<\/span><span title=\"\">,<\/span> <span title=\"\">kter\u00e1 zabra\u0148uje<\/span> <span title=\"\">p\u0159ed\u010dasn\u00e9mu st\u00e1rnut\u00ed<\/span> <span class=\"\" title=\"\">poko\u017eky<\/span> <span title=\"\">v<\/span> <span title=\"\">p\u016fsoben\u00ed<\/span> <span title=\"\">slune\u010dn\u00edho z\u00e1\u0159en\u00ed<\/span><span title=\"\">.<\/span> <span title=\"\">P\u0159i nan\u00e1\u0161en\u00ed<\/span> <span title=\"\">na<\/span> <span title=\"\">poko\u017eku<\/span> <span title=\"\">se<\/span> <span title=\"\">nelep\u00ed<\/span> <span title=\"\">a<\/span> <span class=\"\" title=\"\">hydratatuje<\/span><span title=\"\">.<\/span><\/span><\/p>\n<p><span title=\"\">Objem:<\/span> <span title=\"\">50<\/span> <span title=\"\">ml<\/span> <span title=\"\">v<\/span> <span title=\"\">sprejov\u00e9m<\/span> <span class=\"\" title=\"\">form\u00e1tu<\/span><\/p>\n","protected":false},"featured_media":29430,"template":"","meta":{"_acf_changed":false},"product_cat":[48],"product_tag":[],"class_list":{"0":"post-12514","1":"product","2":"type-product","3":"status-publish","4":"has-post-thumbnail","6":"product_cat-skintech-pharma-group-cs","8":"first","9":"outofstock","10":"taxable","11":"shipping-taxable","12":"purchasable","13":"product-type-simple"},"acf":[],"_links":{"self":[{"href":"https:\/\/www.knownskincare.com\/cs\/wp-json\/wp\/v2\/product\/12514","targetHints":{"allow":["GET"]}}],"collection":[{"href":"https:\/\/www.knownskincare.com\/cs\/wp-json\/wp\/v2\/product"}],"about":[{"href":"https:\/\/www.knownskincare.com\/cs\/wp-json\/wp\/v2\/types\/product"}],"wp:featuredmedia":[{"embeddable":true,"href":"https:\/\/www.knownskincare.com\/cs\/wp-json\/wp\/v2\/media\/29430"}],"wp:attachment":[{"href":"https:\/\/www.knownskincare.com\/cs\/wp-json\/wp\/v2\/media?parent=12514"}],"wp:term":[{"taxonomy":"product_cat","embeddable":true,"href":"https:\/\/www.knownskincare.com\/cs\/wp-json\/wp\/v2\/product_cat?post=12514"},{"taxonomy":"product_tag","embeddable":true,"href":"https:\/\/www.knownskincare.com\/cs\/wp-json\/wp\/v2\/product_tag?post=12514"}],"curies":[{"name":"wp","href":"https:\/\/api.w.org\/{rel}","templated":true}]}}