{"id":12519,"date":"2020-09-23T12:36:08","date_gmt":"2020-09-23T11:31:33","guid":{"rendered":"https:\/\/www.colbertmd.sk\/?post_type=product&#038;p=12519"},"modified":"2022-04-22T14:09:20","modified_gmt":"2022-04-22T12:09:20","slug":"peel2glow-neosolex-spf-50","status":"publish","type":"product","link":"https:\/\/www.knownskincare.com\/cs\/produkt\/peel2glow-neosolex-spf-50\/","title":{"rendered":"Peel2glow: Neosolex SPF 50+"},"content":{"rendered":"<p><strong><span class=\"tlid-translation translation\" lang=\"cs\"><span title=\"\">Jak<\/span> <span title=\"\">to funguje<\/span><span title=\"\">:<\/span><\/span><\/strong><\/p>\n<p><span class=\"tlid-translation translation\" lang=\"cs\"><span title=\"\">Neosolex<\/span> <span title=\"\">SPF<\/span> <span title=\"\">50+<\/span> <span title=\"\">je inovativn\u00ed<\/span> <span title=\"\">sprej<\/span> <span title=\"\">na<\/span> <span title=\"\">ochranu<\/span> <span title=\"\">p\u0159ed slune\u010dn\u00edm z\u00e1\u0159en\u00edm<\/span> <span title=\"\">s<\/span> <span title=\"\">jedine\u010dn\u00fdm<\/span> <span title=\"\">syst\u00e9mem<\/span><span title=\"\">, kter\u00fd umo\u017e\u0148uje<\/span> <span title=\"\">rovnom\u011brn\u00e9 rozlo\u017een\u00ed<\/span> <span title=\"\">aktivn\u00edch l\u00e1tek<\/span> <span title=\"\">a zvy\u0161uje<\/span> <span title=\"\">tak<\/span> <span title=\"\">SPF<\/span> <span title=\"\">ochranu.<\/span><\/span><\/p>\n<p><span class=\"tlid-translation translation\" lang=\"cs\"><span title=\"\">Poskytuje<\/span> <span title=\"\">ochranu proti<\/span> <span title=\"\">UVA<\/span> <span title=\"\">\/<\/span> <span title=\"\">UVB<\/span> <span title=\"\">a poskytuje<\/span> <span title=\"\">\u00fa\u010dinnou<\/span> <span title=\"\">a<\/span> <span title=\"\">dlouhotrvaj\u00edc\u00ed ochranu<\/span> <span title=\"\">poko\u017eky p\u0159ed<\/span> <span title=\"\">UV<\/span> <span title=\"\">z\u00e1\u0159en\u00edm<\/span> <span title=\"\">s<\/span> <span title=\"\">dal\u0161\u00edmi<\/span> <span title=\"\">antioxida\u010dn\u00edmi<\/span> <span title=\"\">a<\/span> <span title=\"\">protiz\u00e1n\u011btliv\u00fdmi \u00fa\u010dinky<\/span><span title=\"\">.<\/span><\/span><\/p>\n<p><span class=\"tlid-translation translation\" lang=\"cs\"><strong><span title=\"\">Pou\u017eit\u00ed<\/span><span title=\"\">:<\/span><\/strong><\/span><\/p>\n<p><span class=\"tlid-translation translation\" lang=\"cs\"><span title=\"\">Aplikujte<\/span> <span title=\"\">na obli\u010dej<\/span> <span title=\"\">pro rychl\u00e9<\/span> <span title=\"\">vst\u0159eb\u00e1n\u00ed<\/span><\/span><\/p>\n<p><span class=\"tlid-translation translation\" lang=\"cs\"><strong><span title=\"\">Hlavn\u00ed slo\u017eky<\/span><span title=\"\">:<\/span><\/strong><\/span><\/p>\n<p><span title=\"\">organick\u00e9<\/span> <span title=\"\">filtry<\/span><\/p>\n","protected":false},"excerpt":{"rendered":"<p><span class=\"tlid-translation translation\" lang=\"cs\"><strong><span title=\"\">Peel2glow<\/span><span title=\"\">:<\/span> <span title=\"\">Neosolex<\/span> <span title=\"\">SPF<\/span> <span title=\"\">50+<\/span><\/strong> <span title=\"\">je<\/span> <span title=\"\">ochrann\u00fd<\/span> <span title=\"\">sprej<\/span> <span title=\"\">proti<\/span> <span title=\"\">slune\u010dn\u00edmu z\u00e1\u0159en\u00ed<\/span> <span title=\"\">s ochrann\u00fdm<\/span> <span title=\"\">faktorem<\/span> <span title=\"\">SPF<\/span> <span title=\"\">50+<\/span><\/span><\/p>\n<p><span title=\"\">Objem:<\/span> <span title=\"\">50<\/span> <span title=\"\">ml<\/span> <span title=\"\">ve form\u011b<\/span> <span class=\"\" title=\"\">spreje<\/span><\/p>\n","protected":false},"featured_media":29428,"template":"","meta":{"_acf_changed":false},"product_cat":[48],"product_tag":[],"class_list":{"0":"post-12519","1":"product","2":"type-product","3":"status-publish","4":"has-post-thumbnail","6":"product_cat-skintech-pharma-group-cs","8":"first","9":"outofstock","10":"taxable","11":"shipping-taxable","12":"purchasable","13":"product-type-simple"},"acf":[],"_links":{"self":[{"href":"https:\/\/www.knownskincare.com\/cs\/wp-json\/wp\/v2\/product\/12519","targetHints":{"allow":["GET"]}}],"collection":[{"href":"https:\/\/www.knownskincare.com\/cs\/wp-json\/wp\/v2\/product"}],"about":[{"href":"https:\/\/www.knownskincare.com\/cs\/wp-json\/wp\/v2\/types\/product"}],"wp:featuredmedia":[{"embeddable":true,"href":"https:\/\/www.knownskincare.com\/cs\/wp-json\/wp\/v2\/media\/29428"}],"wp:attachment":[{"href":"https:\/\/www.knownskincare.com\/cs\/wp-json\/wp\/v2\/media?parent=12519"}],"wp:term":[{"taxonomy":"product_cat","embeddable":true,"href":"https:\/\/www.knownskincare.com\/cs\/wp-json\/wp\/v2\/product_cat?post=12519"},{"taxonomy":"product_tag","embeddable":true,"href":"https:\/\/www.knownskincare.com\/cs\/wp-json\/wp\/v2\/product_tag?post=12519"}],"curies":[{"name":"wp","href":"https:\/\/api.w.org\/{rel}","templated":true}]}}