{"id":12523,"date":"2020-09-23T12:35:49","date_gmt":"2020-09-23T11:31:37","guid":{"rendered":"https:\/\/www.colbertmd.sk\/?post_type=product&#038;p=12523"},"modified":"2021-12-03T09:00:06","modified_gmt":"2021-12-03T08:00:06","slug":"ad-strimatrix","status":"publish","type":"product","link":"https:\/\/www.knownskincare.com\/cs\/produkt\/ad-strimatrix\/","title":{"rendered":"AD Strimatrix\u00ae"},"content":{"rendered":"<p><strong><span class=\"tlid-translation translation\" lang=\"cs\"><span class=\"\" title=\"\">Jak<\/span> <span title=\"\">to funguje<\/span><span title=\"\">:<\/span><\/span><\/strong><\/p>\n<p><span class=\"tlid-translation translation\" lang=\"cs\"><span title=\"\">AD<\/span> <span title=\"\">Strimatrix\u00ae<\/span> <span title=\"\">&#8211;<\/span> <span title=\"\">Denn\u00ed<\/span> <span title=\"\">kr\u00e9m<\/span> <span title=\"\">Strimatrix<\/span> <span title=\"\">je vhodn\u00fd<\/span> <span title=\"\">p\u0159i t\u011bhotenstv\u00ed<\/span><span title=\"\">,<\/span> <span title=\"\">rychl\u00e9m r\u016fstu<\/span><span title=\"\">,<\/span> <span title=\"\">striktn\u00edch<\/span> <span title=\"\">diet\u00e1ch<\/span><span title=\"\">,<\/span> <span title=\"\">sportech<\/span> <span title=\"\">rozv\u00edjej\u00edc\u00edch<\/span> <span title=\"\">svalovou<\/span> <span title=\"\">hmotu<\/span><span title=\"\">, resp.<\/span> <span title=\"\">pro<\/span> <span title=\"\">ka\u017ed\u00e9ho,<\/span> <span title=\"\">kdo<\/span> <span title=\"\">chce<\/span> <span title=\"\">redukovat<\/span> <span title=\"\">vznik<\/span> <span title=\"\">stri\u00ed<\/span><span title=\"\">.<\/span><\/span><\/p>\n<p><span title=\"\">Kr\u00e9m<\/span> <span title=\"\">Strimatrix<\/span> <span title=\"\">pom\u00e1h\u00e1 zlep\u0161it<\/span> <span title=\"\">napnut\u00ed<\/span> <span title=\"\">a<\/span> <span title=\"\">pru\u017enost poko\u017eky<\/span><span title=\"\">, zlep\u0161uje<\/span> <span title=\"\">derm\u00e1ln\u00ed<\/span> <span title=\"\">objem a<\/span> <span title=\"\">hydrataci,<\/span> <span title=\"\">zpev\u0148uje<\/span> <span title=\"\">poko\u017eku,<\/span> <span title=\"\">zlep\u0161uje<\/span> <span title=\"\">kvalitu<\/span> <span title=\"\">mezibun\u011b\u010dn\u00e9ho<\/span> <span title=\"\">pojiva<\/span> <span title=\"\">a<\/span> <span title=\"\">zvy\u0161uje<\/span> <span title=\"\">tlou\u0161\u0165ku<\/span> <span title=\"\">a<\/span> <span title=\"\">kvalitu<\/span> <span title=\"\">k\u016f\u017ee.<\/span><\/p>\n<p><span class=\"tlid-translation translation\" lang=\"cs\"><strong><span title=\"\">Pou\u017eit\u00ed<\/span><span title=\"\">:<\/span><\/strong><\/span><\/p>\n<p><span class=\"tlid-translation translation\" lang=\"cs\"><span title=\"\">Kr\u00e9m<\/span> <span title=\"\">jemn\u00fdm<\/span> <span title=\"\">mas\u00edrov\u00e1n\u00edm<\/span> <span title=\"\">aplikujte<\/span> <span title=\"\">dvakr\u00e1t<\/span> <span title=\"\">denn\u011b<\/span> <span title=\"\">na<\/span> <span title=\"\">\u010distou<\/span> <span title=\"\">poko\u017eku<\/span> <span title=\"\">a<\/span> <span title=\"\">nechte<\/span> <span title=\"\">vst\u0159ebat<\/span><span title=\"\">.<\/span><\/span><\/p>\n<p><span class=\"tlid-translation translation\" lang=\"cs\"><strong><span title=\"\">Hlavn\u00ed slo\u017eky<\/span><span title=\"\">:<\/span><\/strong><\/span><\/p>\n<p><span class=\"tlid-translation translation\" lang=\"cs\"><span title=\"\">Olej<\/span> <span title=\"\">Rosa<\/span> <span title=\"\">Eglanteria<\/span><span title=\"\">,<\/span> <span title=\"\">Vitam\u00edn<\/span> <span title=\"\">F<\/span><span title=\"\">,<\/span> <span title=\"\">elastin<\/span><span title=\"\">,<\/span> <span title=\"\">Panthenol<\/span><\/span><\/p>\n","protected":false},"excerpt":{"rendered":"<p><span class=\"tlid-translation translation\" lang=\"cs\"><strong><span title=\"\">AD<\/span> <span title=\"\">Strimatrix\u00ae<\/span><\/strong> <span title=\"\">pom\u00e1h\u00e1 sni\u017eovat<\/span> <span title=\"\">v\u00fdskyt<\/span> <span title=\"\">stri\u00ed<\/span> <span title=\"\">v<\/span> <span title=\"\">d\u016fsledku t\u011bhotenstv\u00ed<\/span><span title=\"\">,<\/span> <span title=\"\">rychl\u00e9ho hubnut\u00ed<\/span> <span title=\"\">nebo<\/span> <span title=\"\">jin\u00fdch<\/span> <span title=\"\">okolnost\u00ed.<\/span><\/span><\/p>\n<p><span title=\"\">Objem:<\/span> <span title=\"\">200<\/span> <span title=\"\">ml<\/span><\/p>\n","protected":false},"featured_media":29426,"template":"","meta":{"_acf_changed":false},"product_cat":[48],"product_tag":[],"class_list":{"0":"post-12523","1":"product","2":"type-product","3":"status-publish","4":"has-post-thumbnail","6":"product_cat-skintech-pharma-group-cs","8":"first","9":"outofstock","10":"taxable","11":"shipping-taxable","12":"purchasable","13":"product-type-simple"},"acf":[],"_links":{"self":[{"href":"https:\/\/www.knownskincare.com\/cs\/wp-json\/wp\/v2\/product\/12523","targetHints":{"allow":["GET"]}}],"collection":[{"href":"https:\/\/www.knownskincare.com\/cs\/wp-json\/wp\/v2\/product"}],"about":[{"href":"https:\/\/www.knownskincare.com\/cs\/wp-json\/wp\/v2\/types\/product"}],"wp:featuredmedia":[{"embeddable":true,"href":"https:\/\/www.knownskincare.com\/cs\/wp-json\/wp\/v2\/media\/29426"}],"wp:attachment":[{"href":"https:\/\/www.knownskincare.com\/cs\/wp-json\/wp\/v2\/media?parent=12523"}],"wp:term":[{"taxonomy":"product_cat","embeddable":true,"href":"https:\/\/www.knownskincare.com\/cs\/wp-json\/wp\/v2\/product_cat?post=12523"},{"taxonomy":"product_tag","embeddable":true,"href":"https:\/\/www.knownskincare.com\/cs\/wp-json\/wp\/v2\/product_tag?post=12523"}],"curies":[{"name":"wp","href":"https:\/\/api.w.org\/{rel}","templated":true}]}}