{"id":12529,"date":"2020-09-23T12:35:31","date_gmt":"2020-09-23T11:31:41","guid":{"rendered":"https:\/\/www.colbertmd.sk\/?post_type=product&#038;p=12529"},"modified":"2022-05-10T19:38:25","modified_gmt":"2022-05-10T17:38:25","slug":"ad-cellutrix","status":"publish","type":"product","link":"https:\/\/www.knownskincare.com\/cs\/produkt\/ad-cellutrix\/","title":{"rendered":"AD Cellutrix\u00ae"},"content":{"rendered":"<p><strong><span class=\"tlid-translation translation\" lang=\"cs\"><span title=\"\">Jak<\/span> <span title=\"\">to funguje<\/span><span title=\"\">:<\/span><\/span><\/strong><\/p>\n<p><span class=\"tlid-translation translation\" lang=\"cs\"><span class=\"\" title=\"\">AD<\/span> <span class=\"\" title=\"\">Cellutrix\u00ae<\/span> <span title=\"\">&#8211; Kr\u00e9m<\/span> <span title=\"\">Cellutrix<\/span> <span title=\"\">bojuje<\/span> <span title=\"\">proti<\/span> <span title=\"\">nepravidelnostem<\/span> <span class=\"\" title=\"\">poko\u017eky<\/span> <span title=\"\">a<\/span> <span title=\"\">redukuje<\/span> <span title=\"\">vzhled<\/span> <span title=\"\">pomeran\u010dov\u00e9<\/span> <span title=\"\">poko\u017eky.<\/span> <span title=\"\">P\u0159in\u00e1\u0161\u00ed<\/span> <span title=\"\">okam\u017eit\u00fd<\/span> <span class=\"\" title=\"\">toniza\u010dn\u00ed<\/span><span title=\"\">,<\/span> <span title=\"\">nap\u00ednac\u00ed<\/span> <span title=\"\">a<\/span> <span title=\"\">hydrata\u010dn\u00ed<\/span> <span title=\"\">efekt.<\/span> <span title=\"\">Mas\u00e1\u017ee<\/span> <span title=\"\">s<\/span> <span title=\"\">kr\u00e9mem<\/span> <span title=\"\">Cellutrix<\/span> <span class=\"\" title=\"\">stimuluj\u00ed<\/span> <span title=\"\">pru\u017enost<\/span> <span title=\"\">poko\u017eky,<\/span> <span title=\"\">sjednocuje<\/span> <span title=\"\">t\u00f3n<\/span> <span title=\"\">a<\/span> <span title=\"\">strukturu<\/span> <span title=\"\">poko\u017eky,<\/span> <span title=\"\">kde<\/span> <span title=\"\">po aplikaci<\/span> <span title=\"\">sni\u017euje<\/span> <span title=\"\">pomeran\u010dov\u00fd<\/span> <span title=\"\">efekt<\/span> <span title=\"\">poko\u017eky.<\/span><\/span><\/p>\n<p><span class=\"tlid-translation translation\" lang=\"cs\"><strong><span title=\"\">Pou\u017eit\u00ed<\/span><span title=\"\">:<\/span><\/strong><\/span><\/p>\n<p><span class=\"tlid-translation translation\" lang=\"cs\"><span title=\"\">Kr\u00e9m<\/span> <span title=\"\">jemn\u00fdm<\/span> <span title=\"\">mas\u00edrov\u00e1n\u00edm<\/span> <span title=\"\">aplikujte<\/span> <span title=\"\">dvakr\u00e1t<\/span> <span title=\"\">denn\u011b<\/span> <span title=\"\">na<\/span> <span title=\"\">\u010distou<\/span> <span title=\"\">poko\u017eku<\/span> <span title=\"\">a<\/span> <span title=\"\">nechte<\/span> <span title=\"\">vst\u0159ebat<\/span><span title=\"\">.<\/span><\/span><\/p>\n<p><span class=\"tlid-translation translation\" lang=\"cs\"><strong><span title=\"\">Hlavn\u00ed slo\u017eky<\/span><span title=\"\">:<\/span><\/strong><\/span><\/p>\n<p><span class=\"tlid-translation translation\" lang=\"cs\"><span title=\"\">kofein,<\/span> <span title=\"\">karnitin<\/span><span title=\"\">,<\/span> <span title=\"\">Extrakt<\/span> <span title=\"\">z<\/span> <span title=\"\">list\u016f<\/span> <span title=\"\">Fucus<\/span> <span title=\"\">Vesiculosus<\/span> <span title=\"\">a<\/span> <span title=\"\">Cynara<\/span> <span title=\"\">scolymus<\/span><span title=\"\">,<\/span> <span title=\"\">Siloxanetriol<\/span> <span title=\"\">algin\u00e1t<\/span><span title=\"\">,<\/span> <span title=\"\">Vitamin<\/span> <span title=\"\">A<\/span> <span title=\"\">a<\/span> <span title=\"\">E<\/span><span title=\"\">,<\/span> <span title=\"\">Aesculus<\/span> <span title=\"\">Hippocastanum<\/span><\/span><\/p>\n","protected":false},"excerpt":{"rendered":"<p><span class=\"tlid-translation translation\" lang=\"cs\"><strong><span title=\"\">AD<\/span> <span title=\"\">Cellutrix\u00ae<\/span><\/strong> <span title=\"\">&#8211;<\/span> <span title=\"\">kr\u00e9m<\/span> <span title=\"\">Cellutrix<\/span> <span title=\"\">pom\u00e1h\u00e1 odstra\u0148ovat<\/span> <span title=\"\">pomeran\u010dovou<\/span> <span title=\"\">poko\u017eku,<\/span> <span title=\"\">zlep\u0161uje<\/span> <span title=\"\">zabarven\u00ed<\/span> <span title=\"\">poko\u017eky,<\/span> <span title=\"\">stimuluje<\/span> <span title=\"\">pevnost<\/span> <span title=\"\">poko\u017eky,<\/span> <span title=\"\">zvy\u0161uje<\/span> <span title=\"\">pru\u017enost,<\/span> <span title=\"\">detoxikuje<\/span> <span title=\"\">tk\u00e1\u0148<\/span><span title=\"\">, uvol\u0148uje<\/span> <span title=\"\">ucpan\u00e9<\/span> <span title=\"\">p\u00f3ry<\/span> <span title=\"\">a<\/span> <span title=\"\">zvlh\u010duje<\/span> <span title=\"\">a<\/span> <span title=\"\">vy\u017eivuje<\/span> <span title=\"\">poko\u017eku<\/span><span title=\"\">.<\/span><\/span><\/p>\n<p><span class=\"tlid-translation translation\" lang=\"cs\"><span title=\"\">Objem:<\/span> <span title=\"\">200<\/span> <span title=\"\">ml<\/span><\/span><\/p>\n","protected":false},"featured_media":29424,"template":"","meta":{"_acf_changed":false},"product_cat":[48],"product_tag":[],"class_list":{"0":"post-12529","1":"product","2":"type-product","3":"status-publish","4":"has-post-thumbnail","6":"product_cat-skintech-pharma-group-cs","8":"first","9":"outofstock","10":"taxable","11":"shipping-taxable","12":"purchasable","13":"product-type-simple"},"acf":[],"_links":{"self":[{"href":"https:\/\/www.knownskincare.com\/cs\/wp-json\/wp\/v2\/product\/12529","targetHints":{"allow":["GET"]}}],"collection":[{"href":"https:\/\/www.knownskincare.com\/cs\/wp-json\/wp\/v2\/product"}],"about":[{"href":"https:\/\/www.knownskincare.com\/cs\/wp-json\/wp\/v2\/types\/product"}],"wp:featuredmedia":[{"embeddable":true,"href":"https:\/\/www.knownskincare.com\/cs\/wp-json\/wp\/v2\/media\/29424"}],"wp:attachment":[{"href":"https:\/\/www.knownskincare.com\/cs\/wp-json\/wp\/v2\/media?parent=12529"}],"wp:term":[{"taxonomy":"product_cat","embeddable":true,"href":"https:\/\/www.knownskincare.com\/cs\/wp-json\/wp\/v2\/product_cat?post=12529"},{"taxonomy":"product_tag","embeddable":true,"href":"https:\/\/www.knownskincare.com\/cs\/wp-json\/wp\/v2\/product_tag?post=12529"}],"curies":[{"name":"wp","href":"https:\/\/api.w.org\/{rel}","templated":true}]}}