{"id":12531,"date":"2020-09-23T12:35:10","date_gmt":"2020-09-23T11:31:45","guid":{"rendered":"https:\/\/www.colbertmd.sk\/?post_type=product&#038;p=12531"},"modified":"2022-06-26T15:39:34","modified_gmt":"2022-06-26T13:39:34","slug":"mamofillin-cream","status":"publish","type":"product","link":"https:\/\/www.knownskincare.com\/cs\/produkt\/mamofillin-cream\/","title":{"rendered":"Mamofillin Cream"},"content":{"rendered":"<p><strong><span class=\"tlid-translation translation\" lang=\"cs\"><span class=\"\" title=\"\">Jak<\/span> <span class=\"\" title=\"\">to funguje<\/span><span title=\"\">:<\/span><\/span><\/strong><\/p>\n<p><span class=\"tlid-translation translation\" lang=\"cs\"><span title=\"\">Kr\u00e9m<\/span> <span title=\"\">MAMOFILLIN<\/span> <span title=\"\">p\u0159edstavuje<\/span> <span title=\"\">dermatologicky<\/span> <span title=\"\">testov\u00e1no<\/span> <span title=\"\">kosmetickou p\u00e9\u010di<\/span> <span title=\"\">o<\/span> <span title=\"\">prsa<\/span> <span title=\"\">se<\/span> <span title=\"\">zkr\u00e1\u0161luj\u00edc\u00edmi<\/span> <span title=\"\">vlastnostmi<\/span><span title=\"\">.<\/span><\/span><\/p>\n<p><span class=\"tlid-translation translation\" lang=\"cs\"><span title=\"\">Speci\u00e1ln\u00ed kombinace<\/span> <span title=\"\">aktivn\u00edch slo\u017eek<\/span> <span title=\"\">pom\u00e1h\u00e1<\/span> <span title=\"\">dos\u00e1hnout vynikaj\u00edc\u00edch v\u00fdsledk\u016f<\/span><span title=\"\">, zlep\u0161uje<\/span> <span title=\"\">pru\u017enost<\/span> <span title=\"\">poko\u017eky<\/span> <span title=\"\">a<\/span> <span title=\"\">zm\u00edr\u0148uje p\u0159\u00edznaky<\/span> <span title=\"\">k\u0159ehkosti<\/span> <span title=\"\">nebo<\/span> <span title=\"\">sucha.<\/span><\/span><\/p>\n<p><span class=\"tlid-translation translation\" lang=\"cs\"><strong><span title=\"\">Pou\u017eit\u00ed<\/span><span title=\"\">:<\/span><\/strong><\/span><\/p>\n<p><span class=\"tlid-translation translation\" lang=\"cs\"><span title=\"\">Kr\u00e9m<\/span> <span title=\"\">jemn\u00fdm<\/span> <span title=\"\">mas\u00edrov\u00e1n\u00edm<\/span> <span title=\"\">aplikujte<\/span> <span title=\"\">na<\/span> <span title=\"\">\u010distou<\/span> <span title=\"\">poko\u017eku<\/span> <span title=\"\">a<\/span> <span title=\"\">nechte<\/span> <span title=\"\">vst\u0159ebat<\/span><span title=\"\">.<\/span><\/span><\/p>\n<p><span class=\"tlid-translation translation\" lang=\"cs\"><strong><span title=\"\">Hlavn\u00ed slo\u017eky<\/span><span title=\"\">:<\/span><\/strong><\/span><\/p>\n<p><span class=\"tlid-translation translation\" lang=\"cs\"><span title=\"\">Acetylhexapeptid<\/span><span title=\"\">&#8211;<\/span><span title=\"\">38<\/span><span title=\"\">,<\/span> <span title=\"\">Kyselina<\/span> <span title=\"\">glykolov\u00e1<\/span><span title=\"\">,<\/span> <span class=\"\" title=\"\">zm\u011bk\u010dovadla<\/span><\/span><\/p>\n<p>&nbsp;<\/p>\n","protected":false},"excerpt":{"rendered":"<p><span class=\"tlid-translation translation\" lang=\"cs\"><strong><span title=\"\">Mamofillin<\/span> <span title=\"\">kr\u00e9m<\/span><\/strong> <span title=\"\">je<\/span> <span title=\"\">kosmetick\u00e1 p\u00e9\u010de<\/span> <span title=\"\">o<\/span> <span title=\"\">prsy<\/span><span title=\"\">,<\/span> <span title=\"\">s vlastnost\u00ed<\/span> <span title=\"\">zv\u011bt\u0161en\u00ed objemu<\/span><span title=\"\">.<\/span> <span title=\"\">Rychle<\/span> <span title=\"\">se vst\u0159eb\u00e1v\u00e1<\/span> <span title=\"\">a<\/span> <span title=\"\">nezanech\u00e1v\u00e1<\/span> <span title=\"\">\u017e\u00e1dn\u00fd<\/span> <span title=\"\">lepiv\u00fd<\/span> <span title=\"\">nebo<\/span> <span title=\"\">mastn\u00fd<\/span> <span class=\"\" title=\"\">efekt.<\/span><\/span><\/p>\n<p><span title=\"\">Objem:<\/span> <span title=\"\">50<\/span> <span title=\"\">ml<\/span><\/p>\n","protected":false},"featured_media":29422,"template":"","meta":{"_acf_changed":false},"product_cat":[48],"product_tag":[],"class_list":{"0":"post-12531","1":"product","2":"type-product","3":"status-publish","4":"has-post-thumbnail","6":"product_cat-skintech-pharma-group-cs","8":"first","9":"outofstock","10":"taxable","11":"shipping-taxable","12":"purchasable","13":"product-type-simple"},"acf":[],"_links":{"self":[{"href":"https:\/\/www.knownskincare.com\/cs\/wp-json\/wp\/v2\/product\/12531","targetHints":{"allow":["GET"]}}],"collection":[{"href":"https:\/\/www.knownskincare.com\/cs\/wp-json\/wp\/v2\/product"}],"about":[{"href":"https:\/\/www.knownskincare.com\/cs\/wp-json\/wp\/v2\/types\/product"}],"wp:featuredmedia":[{"embeddable":true,"href":"https:\/\/www.knownskincare.com\/cs\/wp-json\/wp\/v2\/media\/29422"}],"wp:attachment":[{"href":"https:\/\/www.knownskincare.com\/cs\/wp-json\/wp\/v2\/media?parent=12531"}],"wp:term":[{"taxonomy":"product_cat","embeddable":true,"href":"https:\/\/www.knownskincare.com\/cs\/wp-json\/wp\/v2\/product_cat?post=12531"},{"taxonomy":"product_tag","embeddable":true,"href":"https:\/\/www.knownskincare.com\/cs\/wp-json\/wp\/v2\/product_tag?post=12531"}],"curies":[{"name":"wp","href":"https:\/\/api.w.org\/{rel}","templated":true}]}}