{"id":29785,"date":"2022-01-14T21:06:40","date_gmt":"2022-01-14T20:06:40","guid":{"rendered":"https:\/\/www.knownskincare.com\/?post_type=product&#038;p=29785"},"modified":"2026-03-06T18:41:15","modified_gmt":"2026-03-06T17:41:15","slug":"light-max-rechargable-led-mask-2-0","status":"publish","type":"product","link":"https:\/\/www.knownskincare.com\/cs\/produkt\/light-max-rechargable-led-mask-2-0\/","title":{"rendered":"LIGHT MAX RECHARGABLE LED MASK 2.0"},"content":{"rendered":"<p>[vc_row][vc_column][vc_empty_space height=&#8220;40px&#8220;][\/vc_column][\/vc_row][vc_row max_width=&#8220;1400&#8243; el_class=&#8220;sor-single-mansory&#8220;][vc_column][vc_row_inner][vc_column_inner width=&#8220;1\/2&#8243; css=&#8220;.vc_custom_1642202551564{padding: 1% !important;}&#8220;][vc_single_image image=&#8220;29810&#8243; img_size=&#8220;900&#215;750&#8243; alignment=&#8220;center&#8220; style=&#8220;vc_box_shadow&#8220;][\/vc_column_inner][vc_column_inner width=&#8220;1\/2&#8243; css=&#8220;.vc_custom_1642202560529{padding: 1% !important;}&#8220;][vc_single_image image=&#8220;29808&#8243; img_size=&#8220;900&#215;750&#8243; alignment=&#8220;center&#8220; style=&#8220;vc_box_shadow&#8220;][\/vc_column_inner][\/vc_row_inner][vc_row_inner][vc_column_inner width=&#8220;2\/3&#8243; css=&#8220;.vc_custom_1642202577994{padding: 1% !important;}&#8220;][vc_single_image image=&#8220;29806&#8243; img_size=&#8220;1200&#215;750&#8243; alignment=&#8220;center&#8220; style=&#8220;vc_box_shadow&#8220;][\/vc_column_inner][vc_column_inner width=&#8220;1\/3&#8243; css=&#8220;.vc_custom_1642202588705{padding: 1% !important;}&#8220;][vc_single_image image=&#8220;29812&#8243; img_size=&#8220;900&#215;1160&#8243; alignment=&#8220;center&#8220; style=&#8220;vc_box_shadow&#8220;][\/vc_column_inner][\/vc_row_inner][\/vc_column][\/vc_row]<\/p>\n","protected":false},"excerpt":{"rendered":"<p>LED MASK, jedine\u010dn\u00e1 a unik\u00e1tn\u00ed maska nov\u00e9 generace proti st\u00e1rnut\u00ed pleti, pro sjednocen\u00ed t\u00f3n\u016f pleti, redukci pigmentac\u00ed a tak\u00e9 akn\u00f3zn\u00ed ple\u0165. M\u011bkk\u00e1, silikonov\u00e1, p\u0159enosn\u00e1 pro dom\u00e1c\u00ed p\u00e9\u010di.<\/p>\n","protected":false},"featured_media":29802,"template":"","meta":{"_acf_changed":false},"product_cat":[61],"product_tag":[],"class_list":{"0":"post-29785","1":"product","2":"type-product","3":"status-publish","4":"has-post-thumbnail","6":"product_cat-mz-skin-cs","8":"first","9":"instock","10":"taxable","11":"shipping-taxable","12":"purchasable","13":"product-type-simple"},"acf":[],"_links":{"self":[{"href":"https:\/\/www.knownskincare.com\/cs\/wp-json\/wp\/v2\/product\/29785","targetHints":{"allow":["GET"]}}],"collection":[{"href":"https:\/\/www.knownskincare.com\/cs\/wp-json\/wp\/v2\/product"}],"about":[{"href":"https:\/\/www.knownskincare.com\/cs\/wp-json\/wp\/v2\/types\/product"}],"wp:featuredmedia":[{"embeddable":true,"href":"https:\/\/www.knownskincare.com\/cs\/wp-json\/wp\/v2\/media\/29802"}],"wp:attachment":[{"href":"https:\/\/www.knownskincare.com\/cs\/wp-json\/wp\/v2\/media?parent=29785"}],"wp:term":[{"taxonomy":"product_cat","embeddable":true,"href":"https:\/\/www.knownskincare.com\/cs\/wp-json\/wp\/v2\/product_cat?post=29785"},{"taxonomy":"product_tag","embeddable":true,"href":"https:\/\/www.knownskincare.com\/cs\/wp-json\/wp\/v2\/product_tag?post=29785"}],"curies":[{"name":"wp","href":"https:\/\/api.w.org\/{rel}","templated":true}]}}