{"id":34667,"date":"2023-11-17T13:43:15","date_gmt":"2023-11-17T12:43:15","guid":{"rendered":"https:\/\/www.knownskincare.com\/?post_type=product&#038;p=34667"},"modified":"2025-05-11T21:44:23","modified_gmt":"2025-05-11T19:44:23","slug":"lightmax-minipro-eyeconic-led","status":"publish","type":"product","link":"https:\/\/www.knownskincare.com\/cs\/produkt\/lightmax-minipro-eyeconic-led\/","title":{"rendered":"LightMAX MiniPro Eyeconic\u2122 LED"},"content":{"rendered":"","protected":false},"excerpt":{"rendered":"<p>LightMAX MiniPro Eyeconic\u2122 LED je prvn\u00ed za\u0159\u00edzen\u00ed sv\u00e9ho druhu kombinuj\u00edc\u00ed kosmetiku se silou LED a p\u0159in\u00e1\u0161ej\u00edc\u00ed c\u00edlenou sv\u011btelnou terapii, kter\u00e1 pom\u00e1h\u00e1 redukovat tmav\u00e9 kruhy, otoky a jemn\u00e9 vr\u00e1sky pod o\u010dima a kolem nich.<\/p>\n<p>Vlnov\u00e9 d\u00e9lky za\u0159\u00edzen\u00ed pom\u00e1haj\u00ed stimulovat kolagen, sni\u017eovat z\u00e1n\u011bty a viditeln\u00e9 zn\u00e1mky \u00fanavy.<\/p>\n<p>Toto opakovan\u011b pou\u017eiteln\u00e9 za\u0159\u00edzen\u00ed je ultratenk\u00e9 (1,77 mm) pro maxim\u00e1ln\u00ed p\u0159enosnost a pohodl\u00ed. Za\u0159\u00edzen\u00ed p\u0159ilne na poko\u017eku pomoc\u00ed kvalitn\u00edch l\u00e9ka\u0159sk\u00fdch hydrokoloidn\u00edch n\u00e1plast\u00ed napln\u011bn\u00fdch \u00fa\u010dinn\u00fdmi aktivn\u00edmi slo\u017ekami formulovan\u00fdmi tak, aby fungovaly ve spojen\u00ed s LED pro kombinovanou \u00fa\u010dinnost, zam\u011b\u0159enou na jemn\u00e9 vr\u00e1sky, zm\u011bnu t\u00f3nu pleti a elasticitu poko\u017eky.<\/p>\n<p>Syst\u00e9m LightMAX MiniPro EYECONIC\u2122 LED se skl\u00e1d\u00e1 z n\u00e1sleduj\u00edc\u00edch komponent\u016f:<br \/>\n&#8211; 2 x silikonov\u00e9 LED n\u00e1plasti<br \/>\n&#8211; 2 x magnetick\u00fd 2 kol\u00edkov\u00fd, 4 mm na USB A nab\u00edjec\u00ed kabel<br \/>\n&#8211; 29 x samostatn\u011b zabalen\u00e9 hydrokoloidn\u00ed n\u00e1plasti v\u010detn\u011b 1 senzibiliza\u010dn\u00ed n\u00e1plasti<br \/>\n&#8211; 1 x N\u00e1vod k pou\u017eit\u00ed<br \/>\n&#8211; 1 x cestovn\u00ed pouzdro<\/p>\n<p>Technick\u00e9 specifikace: 630 nm. NIR 830 nm 6 diod, V\u00fdkon: 30mW\/cm2, Energie: 18J\/cm2 za 10min o\u0161et\u0159en\u00ed<\/p>\n","protected":false},"featured_media":34662,"template":"","meta":{"_acf_changed":false},"product_cat":[61],"product_tag":[],"class_list":{"0":"post-34667","1":"product","2":"type-product","3":"status-publish","4":"has-post-thumbnail","6":"product_cat-mz-skin-cs","8":"first","9":"instock","10":"taxable","11":"shipping-taxable","12":"purchasable","13":"product-type-simple"},"acf":[],"_links":{"self":[{"href":"https:\/\/www.knownskincare.com\/cs\/wp-json\/wp\/v2\/product\/34667","targetHints":{"allow":["GET"]}}],"collection":[{"href":"https:\/\/www.knownskincare.com\/cs\/wp-json\/wp\/v2\/product"}],"about":[{"href":"https:\/\/www.knownskincare.com\/cs\/wp-json\/wp\/v2\/types\/product"}],"wp:featuredmedia":[{"embeddable":true,"href":"https:\/\/www.knownskincare.com\/cs\/wp-json\/wp\/v2\/media\/34662"}],"wp:attachment":[{"href":"https:\/\/www.knownskincare.com\/cs\/wp-json\/wp\/v2\/media?parent=34667"}],"wp:term":[{"taxonomy":"product_cat","embeddable":true,"href":"https:\/\/www.knownskincare.com\/cs\/wp-json\/wp\/v2\/product_cat?post=34667"},{"taxonomy":"product_tag","embeddable":true,"href":"https:\/\/www.knownskincare.com\/cs\/wp-json\/wp\/v2\/product_tag?post=34667"}],"curies":[{"name":"wp","href":"https:\/\/api.w.org\/{rel}","templated":true}]}}