{"id":461,"date":"2019-07-03T12:00:39","date_gmt":"2019-07-03T10:00:39","guid":{"rendered":"https:\/\/www.colbertmd.sk\/produkt\/461\/"},"modified":"2022-05-23T12:13:25","modified_gmt":"2022-05-23T10:13:25","slug":"luminizing-skin-essence","status":"publish","type":"product","link":"https:\/\/www.knownskincare.com\/cs\/produkt\/luminizing-skin-essence\/","title":{"rendered":"Luminizing Skin Essence"},"content":{"rendered":"<p>Saccharomyces ferment, probiotikum Lactobacillus a jojoby zklid\u0148uj\u00ed ple\u0165. Antioxidant gran\u00e1tov\u00e9 jablko, zjem\u0148uj\u00edc\u00ed willowherb a extract z r\u016f\u017ee osv\u011b\u017euj\u00ed a upravuj\u00ed kondici pleti. Rozmar\u00fdnov\u00fd list a Aloe vera podporuj\u00ed stimulaci kolagenu.<\/p>\n","protected":false},"excerpt":{"rendered":"<p>120 ml<br \/>\npro v\u0161echny typy pleti<\/p>\n<p>Rozjas\u0148uj\u00edc\u00ed esence, kter\u00e1 sjednocuje ple\u0165 a zlep\u0161uje jej\u00ed strukturu. M\u016f\u017ee nahrazovat serum, v\u017edy by se m\u011bla pou\u017e\u00edvat jako b\u00e1ze pod kr\u00e9m. Neuv\u011b\u0159iteln\u011b hydratuje a osv\u011b\u017euje ple\u0165.<\/p>\n","protected":false},"featured_media":29409,"template":"","meta":{"_acf_changed":false},"product_cat":[32],"product_tag":[],"class_list":{"0":"post-461","1":"product","2":"type-product","3":"status-publish","4":"has-post-thumbnail","6":"product_cat-new-york-dermatology-group-cs","8":"first","9":"outofstock","10":"taxable","11":"shipping-taxable","12":"purchasable","13":"product-type-simple"},"acf":[],"_links":{"self":[{"href":"https:\/\/www.knownskincare.com\/cs\/wp-json\/wp\/v2\/product\/461","targetHints":{"allow":["GET"]}}],"collection":[{"href":"https:\/\/www.knownskincare.com\/cs\/wp-json\/wp\/v2\/product"}],"about":[{"href":"https:\/\/www.knownskincare.com\/cs\/wp-json\/wp\/v2\/types\/product"}],"wp:featuredmedia":[{"embeddable":true,"href":"https:\/\/www.knownskincare.com\/cs\/wp-json\/wp\/v2\/media\/29409"}],"wp:attachment":[{"href":"https:\/\/www.knownskincare.com\/cs\/wp-json\/wp\/v2\/media?parent=461"}],"wp:term":[{"taxonomy":"product_cat","embeddable":true,"href":"https:\/\/www.knownskincare.com\/cs\/wp-json\/wp\/v2\/product_cat?post=461"},{"taxonomy":"product_tag","embeddable":true,"href":"https:\/\/www.knownskincare.com\/cs\/wp-json\/wp\/v2\/product_tag?post=461"}],"curies":[{"name":"wp","href":"https:\/\/api.w.org\/{rel}","templated":true}]}}