{"id":464,"date":"2019-07-03T12:02:20","date_gmt":"2019-07-03T10:02:20","guid":{"rendered":"https:\/\/www.colbertmd.sk\/produkt\/464\/"},"modified":"2021-12-03T08:49:11","modified_gmt":"2021-12-03T07:49:11","slug":"formula-119-creme","status":"publish","type":"product","link":"https:\/\/www.knownskincare.com\/cs\/produkt\/formula-119-creme\/","title":{"rendered":"Formula 119 Creme"},"content":{"rendered":"<p><strong>INGREDIENCE<\/strong><\/p>\n<p>Hyaluron\u00e1t sodn\u00fd, Matrixyl \u2122 a bambuck\u00e9 m\u00e1slo omlazuj\u00ed poko\u017eku a hloubkov\u011b hydratuj\u00ed. Peptidy zpev\u0148uj\u00ed jej\u00ed strukturu, \u017een\u0161en stimuluje podporu tvorby kolagenu. V\u00fdta\u017eky z hroznov\u00fdch jader, zelen\u00e9ho \u010daje a ginkgo list\u016f chr\u00e1n\u00ed p\u0159ed vn\u011bj\u0161\u00edmi vlivy.<\/p>\n","protected":false},"excerpt":{"rendered":"<p>50 ml<br \/>\npro v\u0161echny typy pleti (i suchou a citlivou)<\/p>\n<p>Kr\u00e9m Formula 119 je pr\u016flomov\u00fdm produktem zna\u010dky NYDG. Okam\u017eit\u011b rozza\u0159uje ple\u0165, sjednocuje jej\u00ed t\u00f3n, vyp\u00edn\u00e1 a zpev\u0148uje d\u00edky peptidem, hydrata\u010dn\u00edm a botanick\u00fdm ingredienc\u00edm.<\/p>\n","protected":false},"featured_media":29415,"template":"","meta":{"_acf_changed":false},"product_cat":[32],"product_tag":[],"class_list":{"0":"post-464","1":"product","2":"type-product","3":"status-publish","4":"has-post-thumbnail","6":"product_cat-new-york-dermatology-group-cs","8":"first","9":"outofstock","10":"taxable","11":"shipping-taxable","12":"purchasable","13":"product-type-simple"},"acf":[],"_links":{"self":[{"href":"https:\/\/www.knownskincare.com\/cs\/wp-json\/wp\/v2\/product\/464","targetHints":{"allow":["GET"]}}],"collection":[{"href":"https:\/\/www.knownskincare.com\/cs\/wp-json\/wp\/v2\/product"}],"about":[{"href":"https:\/\/www.knownskincare.com\/cs\/wp-json\/wp\/v2\/types\/product"}],"wp:featuredmedia":[{"embeddable":true,"href":"https:\/\/www.knownskincare.com\/cs\/wp-json\/wp\/v2\/media\/29415"}],"wp:attachment":[{"href":"https:\/\/www.knownskincare.com\/cs\/wp-json\/wp\/v2\/media?parent=464"}],"wp:term":[{"taxonomy":"product_cat","embeddable":true,"href":"https:\/\/www.knownskincare.com\/cs\/wp-json\/wp\/v2\/product_cat?post=464"},{"taxonomy":"product_tag","embeddable":true,"href":"https:\/\/www.knownskincare.com\/cs\/wp-json\/wp\/v2\/product_tag?post=464"}],"curies":[{"name":"wp","href":"https:\/\/api.w.org\/{rel}","templated":true}]}}