{"id":465,"date":"2019-07-03T12:01:25","date_gmt":"2019-07-03T10:01:25","guid":{"rendered":"https:\/\/www.colbertmd.sk\/produkt\/465\/"},"modified":"2022-05-23T12:13:24","modified_gmt":"2022-05-23T10:13:24","slug":"ultra-light-hydra-gel-moisturazer","status":"publish","type":"product","link":"https:\/\/www.knownskincare.com\/cs\/produkt\/ultra-light-hydra-gel-moisturazer\/","title":{"rendered":"Ultra-Light Hydra-Gel Moisturazer"},"content":{"rendered":"<p>INGREDIENCE<\/p>\n<p>Kyselina hyaluronov\u00e1, hyaluron\u00e1t sodn\u00fd a trehalosa zaji\u0161\u0165uj\u00ed dlouhotrvaj\u00edc\u00ed hydrataci, zpev\u0148uj\u00ed poko\u017eku a zanech\u00e1vaj\u00ed ji pru\u017enou. Astringentn\u00ed bor\u016fvky, levandule a Willowherb zklid\u0148uj\u00ed, zat\u00edmco v\u00fdta\u017eky z hroznov\u00fdch jader a zelen\u00e9ho \u010daje chr\u00e1n\u00ed poko\u017eku p\u0159ed vn\u011bj\u0161\u00edmi vlivy.<\/p>\n","protected":false},"excerpt":{"rendered":"<p>50 ml<br \/>\npro norm\u00e1ln\u00ed a\u017e sm\u00ed\u0161enou ple\u0165<\/p>\n<p>Lehk\u00fd, osv\u011b\u017euj\u00edc\u00ed, hydrata\u010dn\u00ed, gelov\u00fd kr\u00e9m pln\u00fd antioxidant\u016f hloubkov\u011b regeneruje, vyhlazuje a zjem\u0148uje ple\u0165.<\/p>\n","protected":false},"featured_media":29417,"template":"","meta":{"_acf_changed":false},"product_cat":[32],"product_tag":[],"class_list":{"0":"post-465","1":"product","2":"type-product","3":"status-publish","4":"has-post-thumbnail","6":"product_cat-new-york-dermatology-group-cs","8":"first","9":"outofstock","10":"taxable","11":"shipping-taxable","12":"purchasable","13":"product-type-simple"},"acf":[],"_links":{"self":[{"href":"https:\/\/www.knownskincare.com\/cs\/wp-json\/wp\/v2\/product\/465","targetHints":{"allow":["GET"]}}],"collection":[{"href":"https:\/\/www.knownskincare.com\/cs\/wp-json\/wp\/v2\/product"}],"about":[{"href":"https:\/\/www.knownskincare.com\/cs\/wp-json\/wp\/v2\/types\/product"}],"wp:featuredmedia":[{"embeddable":true,"href":"https:\/\/www.knownskincare.com\/cs\/wp-json\/wp\/v2\/media\/29417"}],"wp:attachment":[{"href":"https:\/\/www.knownskincare.com\/cs\/wp-json\/wp\/v2\/media?parent=465"}],"wp:term":[{"taxonomy":"product_cat","embeddable":true,"href":"https:\/\/www.knownskincare.com\/cs\/wp-json\/wp\/v2\/product_cat?post=465"},{"taxonomy":"product_tag","embeddable":true,"href":"https:\/\/www.knownskincare.com\/cs\/wp-json\/wp\/v2\/product_tag?post=465"}],"curies":[{"name":"wp","href":"https:\/\/api.w.org\/{rel}","templated":true}]}}