{"id":470,"date":"2019-06-27T19:14:03","date_gmt":"2019-06-27T17:14:03","guid":{"rendered":"https:\/\/www.colbertmd.sk\/produkt\/470\/"},"modified":"2021-12-03T07:37:04","modified_gmt":"2021-12-03T06:37:04","slug":"stimulate-the-serum","status":"publish","type":"product","link":"https:\/\/www.knownskincare.com\/cs\/produkt\/stimulate-the-serum\/","title":{"rendered":"Stimulate The Serum"},"content":{"rendered":"<p><strong>Jak to funguje:<\/strong><\/p>\n<p>Podporuje tvorbu nov\u00fdch bun\u011bk pod povrchem poko\u017eky pomoc\u00ed komplexu \u017eivin, p\u0159i\u010dem\u017e Stimulate The Serum je dod\u00e1v\u00e1no do poko\u017eky patentovanou technologi\u00ed QuSome, jej\u00edm\u017e v\u00fdsledkem je pru\u017en\u00e1 a\u00a0zdrav\u00e1 poko\u017eka.<\/p>\n<p><strong>Pou\u017eit\u00ed:<\/strong><\/p>\n<p>Nan\u00e1\u0161ejte na \u010distou poko\u017eku jednou denn\u011b, r\u00e1no nebo ve\u010der. Lze pou\u017e\u00edvat i pro oblast krku a\u00a0dekoltu. Vyh\u00fdbejte se oblasti o\u010d\u00ed.<\/p>\n<p><strong>Hlavn\u00ed slo\u017eky:<\/strong><\/p>\n<p>Kyselina glykolov\u00e1: Zvy\u0161uje kvalitu a\u00a0strukturu poko\u017eky a\u00a0sni\u017euje tvorbu pih.<\/p>\n<p>Gotu kola: Tato l\u00e9\u010div\u00e1 rostlina p\u016fsob\u00ed jako z\u00e1klad pro tvorbu kolagenu, p\u0159i\u010dem\u017e poskytuje vysok\u00fd protiz\u00e1n\u011btliv\u00fd \u00fa\u010dinek.<\/p>\n<p>V\u00fdta\u017eek ze zrn k\u00e1vy arabika: Tento siln\u00fd antioxidant pom\u00e1h\u00e1 zabra\u0148ovat po\u0161kozen\u00ed voln\u00fdmi radik\u00e1ly.<\/p>\n","protected":false},"excerpt":{"rendered":"<p id=\"tw-target-text\" class=\"tw-data-text tw-ta tw-text-small\" dir=\"ltr\"><span lang=\"cs\" xml:lang=\"cs\">S\u00e9rum by nem\u011blo chyb\u011bt pod \u017e\u00e1dn\u00fdm denn\u00edm kr\u00e9mem \u010di v\u00fd\u017eivn\u00fdm olejem.<\/span><\/p>\n<p class=\"tw-data-text tw-ta tw-text-small\" dir=\"ltr\">Hloubkov\u011b stimuluje tvorbu kolagenu, kter\u00e1 vede k o\u017eiven\u00ed poko\u017eky a zjemn\u011bn\u00ed jej\u00ed struktury. Navrac\u00ed jej\u00ed chyb\u011bj\u00edc\u00ed pru\u017enost a mladistv\u00fd vzhled. V\u00fdrazn\u011b redukuje vr\u00e1sky.<\/p>\n<p>30 ml.<\/p>\n","protected":false},"featured_media":29382,"template":"","meta":{"_acf_changed":false},"product_cat":[31],"product_tag":[],"class_list":{"0":"post-470","1":"product","2":"type-product","3":"status-publish","4":"has-post-thumbnail","6":"product_cat-colbertmd-cs","8":"first","9":"outofstock","10":"taxable","11":"shipping-taxable","12":"purchasable","13":"product-type-simple"},"acf":[],"_links":{"self":[{"href":"https:\/\/www.knownskincare.com\/cs\/wp-json\/wp\/v2\/product\/470","targetHints":{"allow":["GET"]}}],"collection":[{"href":"https:\/\/www.knownskincare.com\/cs\/wp-json\/wp\/v2\/product"}],"about":[{"href":"https:\/\/www.knownskincare.com\/cs\/wp-json\/wp\/v2\/types\/product"}],"wp:featuredmedia":[{"embeddable":true,"href":"https:\/\/www.knownskincare.com\/cs\/wp-json\/wp\/v2\/media\/29382"}],"wp:attachment":[{"href":"https:\/\/www.knownskincare.com\/cs\/wp-json\/wp\/v2\/media?parent=470"}],"wp:term":[{"taxonomy":"product_cat","embeddable":true,"href":"https:\/\/www.knownskincare.com\/cs\/wp-json\/wp\/v2\/product_cat?post=470"},{"taxonomy":"product_tag","embeddable":true,"href":"https:\/\/www.knownskincare.com\/cs\/wp-json\/wp\/v2\/product_tag?post=470"}],"curies":[{"name":"wp","href":"https:\/\/api.w.org\/{rel}","templated":true}]}}