{"id":472,"date":"2019-07-03T11:40:50","date_gmt":"2019-07-03T09:40:50","guid":{"rendered":"https:\/\/www.colbertmd.sk\/produkt\/soothe-night-cream\/"},"modified":"2021-12-03T07:37:39","modified_gmt":"2021-12-03T06:37:39","slug":"soothe-night-cream","status":"publish","type":"product","link":"https:\/\/www.knownskincare.com\/cs\/produkt\/soothe-night-cream\/","title":{"rendered":"Soothe Night Cream"},"content":{"rendered":"<p><strong>Jak to funguje:<\/strong><\/p>\n<p>Pomoc\u00ed technologie QuSome, kter\u00e1 dod\u00e1v\u00e1 \u017eiviny v\u00a0jejich aktivn\u00edm stavu do jednotliv\u00fdch vrstev poko\u017eky, tento kr\u00e9m p\u016fsob\u00ed b\u011bhem noci a\u00a0vylep\u0161uje jemnost poko\u017eky a\u00a0jej\u00ed zbarven\u00ed. V\u00fdsledkem je pru\u017en\u011bj\u0161\u00ed a hydratovan\u011bj\u0161\u00ed poko\u017eka s\u00a0mlad\u0161\u00edm vzhledem.<\/p>\n<p><strong>Pou\u017eit\u00ed:<\/strong><\/p>\n<p>P\u0159ed sp\u00e1nkem naneste na \u010distou poko\u017eku po pou\u017eit\u00ed Stimulate The Serum. Lze pou\u017e\u00edt i pro oblast krku a\u00a0dekoltu. Vyh\u00fdbejte se oblasti o\u010d\u00ed.<\/p>\n<p><strong>Hlavn\u00ed slo\u017eky:<\/strong><\/p>\n<p>Angelica sinensis (\u017eensk\u00fd \u017een\u0161en): Rostlina, jej\u00ed\u017e \u00fa\u010dinky byly poprv\u00e9 objeveny v\u00a0roce 400 p\u0159ed na\u0161\u00edm letopo\u010dtem, nesm\u00edrn\u011b cen\u011bn\u00e1 pro sv\u016fj vysoce protiz\u00e1n\u011btliv\u00fd \u00fa\u010dinek.<\/p>\n<p>Glukosamin: Podporuje p\u0159irozenou synt\u00e9zu kyseliny hyaluronov\u00e9 vedouc\u00ed k l\u00e9pe hydratovan\u00e9, vypnut\u00e9 poko\u017ece s\u00a0mladistv\u00fdm vzhledem.<\/p>\n<p>Africk\u00e9 bambuck\u00e9 m\u00e1slo: Ti\u0161\u00ed podr\u00e1\u017ed\u011bn\u00ed a\u00a0viditeln\u011b zlep\u0161uje jemnost a\u00a0hydrataci poko\u017eky.<\/p>\n","protected":false},"excerpt":{"rendered":"<p id=\"tw-target-text\" class=\"tw-data-text tw-ta tw-text-small\" dir=\"ltr\">Regenerace pleti b\u011bhem noci je kl\u00ed\u010dov\u00fdm momentem v anti-agingu.<\/p>\n<p class=\"tw-data-text tw-ta tw-text-small\" dir=\"ltr\">V\u00fdjime\u010dn\u011b hebk\u00fd a v\u00fd\u017eivn\u00fd no\u010dn\u00ed kr\u00e9m, kter\u00fd pleti dod\u00e1v\u00e1 pot\u0159ebnou hydrataci, zanech\u00e1v\u00e1 ple\u0165 rozjasn\u011bnou a pru\u017enou. Pr\u00e1v\u011b jeho v\u00fdjime\u010dn\u00e9 slo\u017een\u00ed a patentovan\u00e1 technologie QuSome zaji\u0161\u0165uj\u00ed, \u017ee v\u0161echny aktivn\u00ed l\u00e1tky pronikaj\u00ed do nejhlub\u0161\u00edch vrstev.<\/p>\n<p>30 ml.<\/p>\n","protected":false},"featured_media":29386,"template":"","meta":{"_acf_changed":false},"product_cat":[31],"product_tag":[],"class_list":{"0":"post-472","1":"product","2":"type-product","3":"status-publish","4":"has-post-thumbnail","6":"product_cat-colbertmd-cs","8":"first","9":"outofstock","10":"taxable","11":"shipping-taxable","12":"purchasable","13":"product-type-simple"},"acf":[],"_links":{"self":[{"href":"https:\/\/www.knownskincare.com\/cs\/wp-json\/wp\/v2\/product\/472","targetHints":{"allow":["GET"]}}],"collection":[{"href":"https:\/\/www.knownskincare.com\/cs\/wp-json\/wp\/v2\/product"}],"about":[{"href":"https:\/\/www.knownskincare.com\/cs\/wp-json\/wp\/v2\/types\/product"}],"wp:featuredmedia":[{"embeddable":true,"href":"https:\/\/www.knownskincare.com\/cs\/wp-json\/wp\/v2\/media\/29386"}],"wp:attachment":[{"href":"https:\/\/www.knownskincare.com\/cs\/wp-json\/wp\/v2\/media?parent=472"}],"wp:term":[{"taxonomy":"product_cat","embeddable":true,"href":"https:\/\/www.knownskincare.com\/cs\/wp-json\/wp\/v2\/product_cat?post=472"},{"taxonomy":"product_tag","embeddable":true,"href":"https:\/\/www.knownskincare.com\/cs\/wp-json\/wp\/v2\/product_tag?post=472"}],"curies":[{"name":"wp","href":"https:\/\/api.w.org\/{rel}","templated":true}]}}