{"id":473,"date":"2019-07-03T11:46:58","date_gmt":"2019-07-03T09:46:58","guid":{"rendered":"https:\/\/www.colbertmd.sk\/produkt\/473\/"},"modified":"2022-11-09T11:30:15","modified_gmt":"2022-11-09T10:30:15","slug":"illumino-face-oil","status":"publish","type":"product","link":"https:\/\/www.knownskincare.com\/cs\/produkt\/illumino-face-oil\/","title":{"rendered":"Illumino Face Oil"},"content":{"rendered":"<p><strong>Jak to funguje:<\/strong><\/p>\n<p>Vitam\u00edn A1 a\u00a0vitam\u00edn C ester p\u016fsob\u00ed na povrchu a zklid\u0148uj\u00ed poko\u017eku, p\u0159i\u010dem\u017e pomoc\u00ed technologie QuSome se l\u00e9\u010debn\u00fd olej dost\u00e1v\u00e1 hluboko do poko\u017eky za \u00fa\u010delem optim\u00e1ln\u00edho v\u00fdsledku.<\/p>\n<p><strong>Pou\u017eit\u00ed:<\/strong><\/p>\n<p>Vmas\u00edrujte do vy\u010di\u0161t\u011bn\u00e9, navlh\u010den\u00e9 poko\u017eky.<\/p>\n<p><strong>Hlavn\u00ed slo\u017eky:<\/strong><\/p>\n<p>Brutn\u00e1kov\u00fd olej: Zdroj bohat\u00fd na kyselinu gama-linolenovou, kter\u00e1 napom\u00e1h\u00e1 obnov\u011b bun\u011bk a\u00a0zlep\u0161uje celkov\u00fd t\u00f3n a\u00a0strukturu pleti.<\/p>\n<p>Olej z\u00a0yangu: Zlep\u0161uje elasticitu a\u00a0pru\u017enost pleti.<\/p>\n<p>Olej z maruly: Obsahuje kyselinu olejovou, kter\u00e1 pom\u00e1h\u00e1 hydratovat a\u00a0vyhlazovat poko\u017eku.<\/p>\n<p>Olej z\u00a0marakuji: Zlep\u0161uje elasticitu pleti a\u00a0poskytuje ochranu pomoc\u00ed antioxidant\u016f.<\/p>\n<p>Arganov\u00fd olej: Antioxidant, kter\u00fd p\u016fsob\u00ed hluboko v\u00a0poko\u017ece a\u00a0je bohat\u00fd na vitam\u00edn\u00a0E.<\/p>\n","protected":false},"excerpt":{"rendered":"<p>KOMPLEXN\u00cd RITU\u00c1L<\/p>\n<p>Viditeln\u011b zlep\u0161uje elasticitu a\u00a0pru\u017enost poko\u017eky. Okam\u017eit\u011b vy\u017eivuje a\u00a0hydratuje poko\u017eku. Pou\u017e\u00edvaj\u00ed ho tak\u00e9 Angelina Jolie, Naomi Watts nebo Adriana Lima.<\/p>\n<p>30 ml.<\/p>\n","protected":false},"featured_media":29388,"template":"","meta":{"_acf_changed":false},"product_cat":[31],"product_tag":[],"class_list":{"0":"post-473","1":"product","2":"type-product","3":"status-publish","4":"has-post-thumbnail","6":"product_cat-colbertmd-cs","8":"first","9":"outofstock","10":"taxable","11":"shipping-taxable","12":"purchasable","13":"product-type-simple"},"acf":[],"_links":{"self":[{"href":"https:\/\/www.knownskincare.com\/cs\/wp-json\/wp\/v2\/product\/473","targetHints":{"allow":["GET"]}}],"collection":[{"href":"https:\/\/www.knownskincare.com\/cs\/wp-json\/wp\/v2\/product"}],"about":[{"href":"https:\/\/www.knownskincare.com\/cs\/wp-json\/wp\/v2\/types\/product"}],"wp:featuredmedia":[{"embeddable":true,"href":"https:\/\/www.knownskincare.com\/cs\/wp-json\/wp\/v2\/media\/29388"}],"wp:attachment":[{"href":"https:\/\/www.knownskincare.com\/cs\/wp-json\/wp\/v2\/media?parent=473"}],"wp:term":[{"taxonomy":"product_cat","embeddable":true,"href":"https:\/\/www.knownskincare.com\/cs\/wp-json\/wp\/v2\/product_cat?post=473"},{"taxonomy":"product_tag","embeddable":true,"href":"https:\/\/www.knownskincare.com\/cs\/wp-json\/wp\/v2\/product_tag?post=473"}],"curies":[{"name":"wp","href":"https:\/\/api.w.org\/{rel}","templated":true}]}}