{"id":475,"date":"2019-07-03T11:42:37","date_gmt":"2019-07-03T09:42:37","guid":{"rendered":"https:\/\/www.colbertmd.sk\/produkt\/nourish-eye-cream\/"},"modified":"2022-03-29T09:50:43","modified_gmt":"2022-03-29T07:50:43","slug":"nourish-eye-cream","status":"publish","type":"product","link":"https:\/\/www.knownskincare.com\/cs\/produkt\/nourish-eye-cream\/","title":{"rendered":"Nourish Eye Cream"},"content":{"rendered":"<p><strong>Jak to funguje:<\/strong><\/p>\n<p>P\u0159\u00edrodn\u00ed slo\u017eky ve sv\u00e9 aktivn\u00ed form\u011b pom\u00e1haj\u00ed poko\u017ece v\u00a0procesu samol\u00e9\u010dby, b\u011bhem kter\u00e9 ji p\u0159edev\u0161\u00edm zpev\u0148uj\u00ed a\u00a0hydratuj\u00ed v\u00a0citliv\u00e9 oblasti okolo o\u010d\u00ed. Podporuje tvorbu kolagenu, p\u0159i\u010dem\u017e ple\u0165 rozjas\u0148uje, redukuje tmav\u00e9 kruhy a\u00a0otoky pod o\u010dima.<\/p>\n<p><strong>Pou\u017eit\u00ed:<\/strong><\/p>\n<p>Jemn\u011b vklep\u00e1vejte od vn\u011bj\u0161\u00edho okraje oka k\u00a0vnit\u0159n\u00edmu, a to dvakr\u00e1t denn\u011b, r\u00e1no a\u00a0ve\u010der. Lze pou\u017e\u00edt i v\u00a0oblasti v\u011bj\u00ed\u0159kovit\u00fdch vr\u00e1sek.<\/p>\n<p><strong>Hlavn\u00ed slo\u017eky:<\/strong><\/p>\n<p>Askorb\u00e1t v\u00e1penat\u00fd: \u00da\u010dinn\u00fd deriv\u00e1t vitam\u00ednu C, kter\u00fd zjem\u0148uje tmav\u00e9 kruhy pod o\u010dima a\u00a0pom\u00e1h\u00e1 zvr\u00e1tit tvorbu sta\u0159eck\u00e9ho pigmentu.<\/p>\n<p>Aescin: Redukuje otok a\u00a0pom\u00e1h\u00e1 potla\u010dit podr\u00e1\u017ed\u011bn\u00ed.<\/p>\n<p>Komplex proti vn\u011bj\u0161\u00edm vliv\u016fm \u2013 Trojice ochrann\u00fdch schopnost\u00ed v\u016f\u010di vn\u011bj\u0161\u00edm vliv\u016fm: koenzym Q10 chr\u00e1n\u00ed poko\u017eku p\u0159ed UV z\u00e1\u0159en\u00edm, genistein blokuje voln\u00e9 radik\u00e1ly a\u00a0olej kyseliny alfa-lipoov\u00e9 s\u00a0omega 6 dopl\u0148uje esenci\u00e1ln\u00ed mastn\u00e9 kyseliny.<\/p>\n","protected":false},"excerpt":{"rendered":"<p>Zpev\u0148uje a\u00a0hydratuje v\u00a0citliv\u00e9 oblasti okolo o\u010d\u00ed. Zmen\u0161uje tmav\u00e9\u00a0 kruhy pod o\u010dima, rozjas\u0148uje poko\u017eku a\u00a0redukuje otok pod o\u010dima.<\/p>\n<p>15 ml.<\/p>\n","protected":false},"featured_media":29392,"template":"","meta":{"_acf_changed":false},"product_cat":[31],"product_tag":[],"class_list":{"0":"post-475","1":"product","2":"type-product","3":"status-publish","4":"has-post-thumbnail","6":"product_cat-colbertmd-cs","8":"first","9":"outofstock","10":"taxable","11":"shipping-taxable","12":"purchasable","13":"product-type-simple"},"acf":[],"_links":{"self":[{"href":"https:\/\/www.knownskincare.com\/cs\/wp-json\/wp\/v2\/product\/475","targetHints":{"allow":["GET"]}}],"collection":[{"href":"https:\/\/www.knownskincare.com\/cs\/wp-json\/wp\/v2\/product"}],"about":[{"href":"https:\/\/www.knownskincare.com\/cs\/wp-json\/wp\/v2\/types\/product"}],"wp:featuredmedia":[{"embeddable":true,"href":"https:\/\/www.knownskincare.com\/cs\/wp-json\/wp\/v2\/media\/29392"}],"wp:attachment":[{"href":"https:\/\/www.knownskincare.com\/cs\/wp-json\/wp\/v2\/media?parent=475"}],"wp:term":[{"taxonomy":"product_cat","embeddable":true,"href":"https:\/\/www.knownskincare.com\/cs\/wp-json\/wp\/v2\/product_cat?post=475"},{"taxonomy":"product_tag","embeddable":true,"href":"https:\/\/www.knownskincare.com\/cs\/wp-json\/wp\/v2\/product_tag?post=475"}],"curies":[{"name":"wp","href":"https:\/\/api.w.org\/{rel}","templated":true}]}}