{"id":476,"date":"2019-07-03T11:34:46","date_gmt":"2019-07-03T09:34:46","guid":{"rendered":"https:\/\/www.colbertmd.sk\/produkt\/tone-control-discs\/"},"modified":"2022-05-06T16:07:39","modified_gmt":"2022-05-06T14:07:39","slug":"tone-control-discs","status":"publish","type":"product","link":"https:\/\/www.knownskincare.com\/cs\/produkt\/tone-control-discs\/","title":{"rendered":"Tone Control Discs"},"content":{"rendered":"<p><strong>Jak to funguje: <\/strong><\/p>\n<p>Technologie QuSomes dod\u00e1v\u00e1 molekuly Symwhite hluboko do poko\u017eky, \u010d\u00edm\u017e napom\u00e1h\u00e1 zvr\u00e1tit tvorbu pih zap\u0159\u00ed\u010din\u011bnou slune\u010dn\u00edm z\u00e1\u0159en\u00edm. Molekuly Symwhite potla\u010duj\u00ed tmav\u00fd pigment, p\u0159i\u010dem\u017e zanech\u00e1vaj\u00ed bezchybnou poko\u017eku.<\/p>\n<p><strong>Pou\u017eit\u00ed: <\/strong><\/p>\n<p>Nan\u00e1\u0161ejte na vy\u010di\u0161t\u011bnou, navlh\u010denou poko\u017eku jemn\u00fdm krou\u017eiv\u00fdm pohybem po dobu 30\u201360 sekund, maxim\u00e1ln\u011b dvakr\u00e1t denn\u011b. Neoplachujte. V\u00a0o\u0161et\u0159en\u00ed pokra\u010dujte se Soothe Night (no\u010dn\u00ed kr\u00e9m) nebo Nutrify &amp; Protect Day (denn\u00ed kr\u00e9m).<\/p>\n<p><strong>Hlavn\u00ed slo\u017eky:<\/strong><\/p>\n<p>Symwhite \u2013 Tyrozinov\u00fd inhibitor, kter\u00fd zabra\u0148uje synt\u00e9ze melaninu a\u00a0v\u00fdrazn\u011b rozjas\u0148uje poko\u017eku.<\/p>\n<p>Inflacin \u2013 Protiz\u00e1n\u011btliv\u00e9 molekuly, kter\u00e9 zm\u00edr\u0148uj\u00ed podr\u00e1\u017ed\u011bn\u00ed a\u00a0zarudnut\u00ed poko\u017eky pomoc\u00ed blokace enzymu PLA2.<\/p>\n<p>Phytomoist QuSome \u2013 Hydrata\u010dn\u00ed p\u0159\u00edsada, jej\u00ed\u017e \u00fa\u010dinek je 400x vy\u0161\u0161\u00ed ne\u017e \u00fa\u010dinek soli kyseliny hyaluronov\u00e9.<\/p>\n<p>Komplex proti vn\u011bj\u0161\u00edm vliv\u016fm \u2013 Trojice ochrann\u00fdch schopnost\u00ed v\u016f\u010di vn\u011bj\u0161\u00edm vliv\u016f: koenzym Q10 chr\u00e1n\u00ed poko\u017eku p\u0159ed UV z\u00e1\u0159en\u00edm, genistein blokuje voln\u00e9 radik\u00e1ly a\u00a0olej kyseliny alfa-lipoov\u00e9 s\u00a0omega 6 dopl\u0148uje esenci\u00e1ln\u00ed mastn\u00e9 kyseliny.<\/p>\n<p>Vyh\u00fdbejte se oblasti o\u010d\u00ed. Nepou\u017e\u00edvejte na podr\u00e1\u017ed\u011bnou nebo po\u0161kozenou poko\u017eku. Nepokra\u010dujte v\u00a0pou\u017e\u00edv\u00e1n\u00ed, pokud podr\u00e1\u017ed\u011bn\u00ed poko\u017eky p\u0159etrv\u00e1v\u00e1.<\/p>\n","protected":false},"excerpt":{"rendered":"<p>Vytvo\u0159en\u00e9 k\u00a0redukci pih, pigmentov\u00fdch skvrn a\u00a0zlep\u0161en\u00ed t\u00f3nu poko\u017eky pro jasn\u011bj\u0161\u00ed a\u00a0hlad\u0161\u00ed ple\u0165. Ide\u00e1ln\u00ed pro sluncem po\u0161kozenou poko\u017eku.<\/p>\n<p>Balen\u00ed obsahuje 20 disk\u016f.<\/p>\n","protected":false},"featured_media":29398,"template":"","meta":{"_acf_changed":false},"product_cat":[31],"product_tag":[],"class_list":{"0":"post-476","1":"product","2":"type-product","3":"status-publish","4":"has-post-thumbnail","6":"product_cat-colbertmd-cs","8":"first","9":"outofstock","10":"taxable","11":"shipping-taxable","12":"purchasable","13":"product-type-simple"},"acf":[],"_links":{"self":[{"href":"https:\/\/www.knownskincare.com\/cs\/wp-json\/wp\/v2\/product\/476","targetHints":{"allow":["GET"]}}],"collection":[{"href":"https:\/\/www.knownskincare.com\/cs\/wp-json\/wp\/v2\/product"}],"about":[{"href":"https:\/\/www.knownskincare.com\/cs\/wp-json\/wp\/v2\/types\/product"}],"wp:featuredmedia":[{"embeddable":true,"href":"https:\/\/www.knownskincare.com\/cs\/wp-json\/wp\/v2\/media\/29398"}],"wp:attachment":[{"href":"https:\/\/www.knownskincare.com\/cs\/wp-json\/wp\/v2\/media?parent=476"}],"wp:term":[{"taxonomy":"product_cat","embeddable":true,"href":"https:\/\/www.knownskincare.com\/cs\/wp-json\/wp\/v2\/product_cat?post=476"},{"taxonomy":"product_tag","embeddable":true,"href":"https:\/\/www.knownskincare.com\/cs\/wp-json\/wp\/v2\/product_tag?post=476"}],"curies":[{"name":"wp","href":"https:\/\/api.w.org\/{rel}","templated":true}]}}